{"id":2777,"date":"2018-02-09T16:48:28","date_gmt":"2018-02-09T16:48:28","guid":{"rendered":"http:\/\/allamerican.travel\/elsalvador\/allamerican\/?page_id=2777"},"modified":"2022-02-15T16:40:14","modified_gmt":"2022-02-15T22:40:14","slug":"luna-de-miel","status":"publish","type":"page","link":"https:\/\/allamerican.travel\/elsalvador\/luna-de-miel\/","title":{"rendered":"LUNA DE MIEL"},"content":{"rendered":"<p>[vc_row][vc_column][vc_empty_space height=\u00bb60px\u00bb][\/vc_column][\/vc_row][vc_row][vc_column width=\u00bb1\/3&#8243;]<div class=\"nicdark_masonry_container\">\n\n<!--start preview-->\n<div id=\"3885\" class=\"grid grid_12 percentage nicdark_masonry_item nicdark_padding10 nicdark_sizing\">\n    <div class=\"nicdark_archive1 nicdark_bg_white nicdark_border_grey nicdark_sizing \">\n\n\n        <!--start image-->\n        <div class=\"nicdark_focus nicdark_relative nicdark_fadeinout nicdark_overflow\">    \n\n            <img alt=\"\" class=\"nicdark_focus nicdark_zoom_image\" src=\"https:\/\/allamerican.travel\/elsalvador\/wp-content\/uploads\/2018\/03\/luna_de_miel_cancun_03_Mesa-de-trabajo-1-1024x576.jpg\">\n\n            \n            <!--price-->\n            <div class=\"nicdark_fadeout nicdark_absolute nicdark_height100percentage nicdark_width_percentage100\">  \n                <a href=\"https:\/\/allamerican.travel\/elsalvador\/packages\/luna-de-miel-cancun\/\" class=\"nicdark_btn nicdark_bg_green left white medium\">Desde $2,234<\/a>\n            <\/div>\n            <!--end price-->\n\n\n            <!--start content-->\n            <div class=\"nicdark_fadein nicdark_filter greydark nicdark_absolute nicdark_height100percentage nicdark_width_percentage100\">\n                <div class=\"nicdark_absolute nicdark_display_table nicdark_height100percentage nicdark_width_percentage100\">\n                    <div class=\"nicdark_cell nicdark_vertical_middle\">\n                        <a href=\"https:\/\/allamerican.travel\/elsalvador\/packages\/luna-de-miel-cancun\/\" class=\"nicdark_btn nicdark_border_white white medium\">INFO<\/a>\n                    <\/div>   \n                <\/div>   \n            <\/div>\n            <!--end content-->\n\n        <\/div>\n        <!--end image-->\n\n\n        <div class=\"nicdark_textevidence nicdark_bg_green\">\n            <h4 class=\"white nicdark_margin20\">CANC\u00daN LUNA DE MIEL<\/h4>\n        <\/div>\n\n\n        <div class=\"nicdark_focus nicdark_bg_greydark2\">\n            <div class=\"nicdark_bg_greydark nicdark_focus nicdark_padding1020 nicdark_sizing nicdark_width_percentage50\">\n                <p class=\"white\"><i class=\"icon-direction\"><\/i> M\u00e9xico <\/p>\n            <\/div>\n            <div class=\"nicdark_focus nicdark_padding1020 nicdark_sizing nicdark_width_percentage50\">\n                <p class=\"white\"><i class=\"icon-info\"><\/i> Luna de Miel <\/p>\n            <\/div>\n        <\/div>\n        \n        <div class=\"nicdark_margin20\">\n            <p>Disfruta con tu pareja de la belleza de Canc\u00fan con sus playas color turquesa que enamoran a cualquiera. Conoce todos los extras que tiene este paquete especial de Luna de Miel. <\/p>\n            <div class=\"nicdark_space20\"><\/div><a href=\"https:\/\/allamerican.travel\/elsalvador\/packages\/luna-de-miel-cancun\/\" class=\"nicdark_border_grey grey nicdark_btn nicdark_outline medium \">INFO<\/a>  \n        <\/div>\n\n    <\/div>\n<\/div>\n<!--end prev-->\n\n<\/div>[\/vc_column][vc_column width=\u00bb1\/3&#8243;]<div class=\"nicdark_masonry_container\">\n\n<!--start preview-->\n<div id=\"7413\" class=\"grid grid_12 percentage nicdark_masonry_item nicdark_padding10 nicdark_sizing\">\n    <div class=\"nicdark_archive1 nicdark_bg_white nicdark_border_grey nicdark_sizing \">\n\n\n        <!--start image-->\n        <div class=\"nicdark_focus nicdark_relative nicdark_fadeinout nicdark_overflow\">    \n\n            <img alt=\"\" class=\"nicdark_focus nicdark_zoom_image\" src=\"https:\/\/allamerican.travel\/elsalvador\/wp-content\/uploads\/2022\/02\/bogota_15_Mesa-de-trabajo-1.jpg\">\n\n            \n            <!--price-->\n            <div class=\"nicdark_fadeout nicdark_absolute nicdark_height100percentage nicdark_width_percentage100\">  \n                <a href=\"https:\/\/allamerican.travel\/elsalvador\/packages\/bogota-luna-de-miel\/\" class=\"nicdark_btn nicdark_bg_yellow left white medium\">Desde $416<\/a>\n            <\/div>\n            <!--end price-->\n\n\n            <!--start content-->\n            <div class=\"nicdark_fadein nicdark_filter greydark nicdark_absolute nicdark_height100percentage nicdark_width_percentage100\">\n                <div class=\"nicdark_absolute nicdark_display_table nicdark_height100percentage nicdark_width_percentage100\">\n                    <div class=\"nicdark_cell nicdark_vertical_middle\">\n                        <a href=\"https:\/\/allamerican.travel\/elsalvador\/packages\/bogota-luna-de-miel\/\" class=\"nicdark_btn nicdark_border_white white medium\">INFO<\/a>\n                    <\/div>   \n                <\/div>   \n            <\/div>\n            <!--end content-->\n\n        <\/div>\n        <!--end image-->\n\n\n        <div class=\"nicdark_textevidence nicdark_bg_yellow\">\n            <h4 class=\"white nicdark_margin20\">BOGOT\u00c1 LUNA DE MIEL<\/h4>\n        <\/div>\n\n\n        <div class=\"nicdark_focus nicdark_bg_greydark2\">\n            <div class=\"nicdark_bg_greydark nicdark_focus nicdark_padding1020 nicdark_sizing nicdark_width_percentage50\">\n                <p class=\"white\"><i class=\"icon-direction\"><\/i> Colombia <\/p>\n            <\/div>\n            <div class=\"nicdark_focus nicdark_padding1020 nicdark_sizing nicdark_width_percentage50\">\n                <p class=\"white\"><i class=\"icon-info\"><\/i> Luna de Miel <\/p>\n            <\/div>\n        <\/div>\n        \n        <div class=\"nicdark_margin20\">\n            <p>Bogot\u00e1, una ciudad espectacular que te invita a que disfrutes su clima, su gastronom\u00eda y sus paisajes verdes. Disfruta el centro hist\u00f3rico y cultural de Bogot\u00e1, el cerro Monserrate y la Catedral de sal.<\/p>\n            <div class=\"nicdark_space20\"><\/div><a href=\"https:\/\/allamerican.travel\/elsalvador\/packages\/bogota-luna-de-miel\/\" class=\"nicdark_border_grey grey nicdark_btn nicdark_outline medium \">INFO<\/a>  \n        <\/div>\n\n    <\/div>\n<\/div>\n<!--end prev-->\n\n<\/div>[\/vc_column][vc_column width=\u00bb1\/3&#8243;]<div class=\"nicdark_masonry_container\">\n\n<!--start preview-->\n<div id=\"7406\" class=\"grid grid_12 percentage nicdark_masonry_item nicdark_padding10 nicdark_sizing\">\n    <div class=\"nicdark_archive1 nicdark_bg_white nicdark_border_grey nicdark_sizing \">\n\n\n        <!--start image-->\n        <div class=\"nicdark_focus nicdark_relative nicdark_fadeinout nicdark_overflow\">    \n\n            <img alt=\"\" class=\"nicdark_focus nicdark_zoom_image\" src=\"https:\/\/allamerican.travel\/elsalvador\/wp-content\/uploads\/2022\/02\/cuzco_machu_picchu_09_Mesa-de-trabajo-1.jpg\">\n\n            \n            <!--price-->\n            <div class=\"nicdark_fadeout nicdark_absolute nicdark_height100percentage nicdark_width_percentage100\">  \n                <a href=\"https:\/\/allamerican.travel\/elsalvador\/packages\/cusco-luna-de-miel\/\" class=\"nicdark_btn nicdark_bg_yellow left white medium\">Desde $1,488<\/a>\n            <\/div>\n            <!--end price-->\n\n\n            <!--start content-->\n            <div class=\"nicdark_fadein nicdark_filter greydark nicdark_absolute nicdark_height100percentage nicdark_width_percentage100\">\n                <div class=\"nicdark_absolute nicdark_display_table nicdark_height100percentage nicdark_width_percentage100\">\n                    <div class=\"nicdark_cell nicdark_vertical_middle\">\n                        <a href=\"https:\/\/allamerican.travel\/elsalvador\/packages\/cusco-luna-de-miel\/\" class=\"nicdark_btn nicdark_border_white white medium\">INFO<\/a>\n                    <\/div>   \n                <\/div>   \n            <\/div>\n            <!--end content-->\n\n        <\/div>\n        <!--end image-->\n\n\n        <div class=\"nicdark_textevidence nicdark_bg_yellow\">\n            <h4 class=\"white nicdark_margin20\">CUSCO LUNA DE MIEL<\/h4>\n        <\/div>\n\n\n        <div class=\"nicdark_focus nicdark_bg_greydark2\">\n            <div class=\"nicdark_bg_greydark nicdark_focus nicdark_padding1020 nicdark_sizing nicdark_width_percentage50\">\n                <p class=\"white\"><i class=\"icon-direction\"><\/i> Per\u00fa <\/p>\n            <\/div>\n            <div class=\"nicdark_focus nicdark_padding1020 nicdark_sizing nicdark_width_percentage50\">\n                <p class=\"white\"><i class=\"icon-info\"><\/i> Luna de Miel <\/p>\n            <\/div>\n        <\/div>\n        \n        <div class=\"nicdark_margin20\">\n            <p>Una luna de miel m\u00e1gica en Cusco visitando el Machu Picchu, la monta\u00f1a de los 7 colores y todo el ambiente \u00fanico de este destino. <\/p>\n            <div class=\"nicdark_space20\"><\/div><a href=\"https:\/\/allamerican.travel\/elsalvador\/packages\/cusco-luna-de-miel\/\" class=\"nicdark_border_grey grey nicdark_btn nicdark_outline medium \">INFO<\/a>  \n        <\/div>\n\n    <\/div>\n<\/div>\n<!--end prev-->\n\n<\/div>[\/vc_column][\/vc_row][vc_row][vc_column width=\u00bb1\/3&#8243;]<div class=\"nicdark_masonry_container\">\n\n<!--start preview-->\n<div id=\"7398\" class=\"grid grid_12 percentage nicdark_masonry_item nicdark_padding10 nicdark_sizing\">\n    <div class=\"nicdark_archive1 nicdark_bg_white nicdark_border_grey nicdark_sizing \">\n\n\n        <!--start image-->\n        <div class=\"nicdark_focus nicdark_relative nicdark_fadeinout nicdark_overflow\">    \n\n            <img alt=\"\" class=\"nicdark_focus nicdark_zoom_image\" src=\"https:\/\/allamerican.travel\/elsalvador\/wp-content\/uploads\/2022\/02\/luna_de_miel_cartagena_07_Mesa-de-trabajo-1.jpg\">\n\n            \n            <!--price-->\n            <div class=\"nicdark_fadeout nicdark_absolute nicdark_height100percentage nicdark_width_percentage100\">  \n                <a href=\"https:\/\/allamerican.travel\/elsalvador\/packages\/cartagena-luna-de-miel\/\" class=\"nicdark_btn nicdark_bg_yellow left white medium\">Desde $416<\/a>\n            <\/div>\n            <!--end price-->\n\n\n            <!--start content-->\n            <div class=\"nicdark_fadein nicdark_filter greydark nicdark_absolute nicdark_height100percentage nicdark_width_percentage100\">\n                <div class=\"nicdark_absolute nicdark_display_table nicdark_height100percentage nicdark_width_percentage100\">\n                    <div class=\"nicdark_cell nicdark_vertical_middle\">\n                        <a href=\"https:\/\/allamerican.travel\/elsalvador\/packages\/cartagena-luna-de-miel\/\" class=\"nicdark_btn nicdark_border_white white medium\">INFO<\/a>\n                    <\/div>   \n                <\/div>   \n            <\/div>\n            <!--end content-->\n\n        <\/div>\n        <!--end image-->\n\n\n        <div class=\"nicdark_textevidence nicdark_bg_yellow\">\n            <h4 class=\"white nicdark_margin20\">CARTAGENA LUNA DE MIEL<\/h4>\n        <\/div>\n\n\n        <div class=\"nicdark_focus nicdark_bg_greydark2\">\n            <div class=\"nicdark_bg_greydark nicdark_focus nicdark_padding1020 nicdark_sizing nicdark_width_percentage50\">\n                <p class=\"white\"><i class=\"icon-direction\"><\/i><\/p>\n            <\/div>\n            <div class=\"nicdark_focus nicdark_padding1020 nicdark_sizing nicdark_width_percentage50\">\n                <p class=\"white\"><i class=\"icon-info\"><\/i> Luna de Miel <\/p>\n            <\/div>\n        <\/div>\n        \n        <div class=\"nicdark_margin20\">\n            <p>La ciudad amurallada de Cartagena te har\u00e1 vivir un viaje insuperable para ti y tu pareja en esa ocasi\u00f3n tan especial de luna de miel. <\/p>\n            <div class=\"nicdark_space20\"><\/div><a href=\"https:\/\/allamerican.travel\/elsalvador\/packages\/cartagena-luna-de-miel\/\" class=\"nicdark_border_grey grey nicdark_btn nicdark_outline medium \">INFO<\/a>  \n        <\/div>\n\n    <\/div>\n<\/div>\n<!--end prev-->\n\n<\/div>[\/vc_column][vc_column width=\u00bb1\/3&#8243;]<div class=\"nicdark_masonry_container\">\n\n<!--start preview-->\n<div id=\"7417\" class=\"grid grid_12 percentage nicdark_masonry_item nicdark_padding10 nicdark_sizing\">\n    <div class=\"nicdark_archive1 nicdark_bg_white nicdark_border_grey nicdark_sizing \">\n\n\n        <!--start image-->\n        <div class=\"nicdark_focus nicdark_relative nicdark_fadeinout nicdark_overflow\">    \n\n            <img alt=\"\" class=\"nicdark_focus nicdark_zoom_image\" src=\"https:\/\/allamerican.travel\/elsalvador\/wp-content\/uploads\/2022\/02\/panama_ciudad_canal_14_Mesa-de-trabajo-1.jpg\">\n\n            \n            <!--price-->\n            <div class=\"nicdark_fadeout nicdark_absolute nicdark_height100percentage nicdark_width_percentage100\">  \n                <a href=\"https:\/\/allamerican.travel\/elsalvador\/packages\/panama-ciudad-luna-de-miel\/\" class=\"nicdark_btn nicdark_bg_yellow left white medium\">Desde $574<\/a>\n            <\/div>\n            <!--end price-->\n\n\n            <!--start content-->\n            <div class=\"nicdark_fadein nicdark_filter greydark nicdark_absolute nicdark_height100percentage nicdark_width_percentage100\">\n                <div class=\"nicdark_absolute nicdark_display_table nicdark_height100percentage nicdark_width_percentage100\">\n                    <div class=\"nicdark_cell nicdark_vertical_middle\">\n                        <a href=\"https:\/\/allamerican.travel\/elsalvador\/packages\/panama-ciudad-luna-de-miel\/\" class=\"nicdark_btn nicdark_border_white white medium\">INFO<\/a>\n                    <\/div>   \n                <\/div>   \n            <\/div>\n            <!--end content-->\n\n        <\/div>\n        <!--end image-->\n\n\n        <div class=\"nicdark_textevidence nicdark_bg_yellow\">\n            <h4 class=\"white nicdark_margin20\">PANAM\u00c1 CIUDAD LUNA DE MIEL<\/h4>\n        <\/div>\n\n\n        <div class=\"nicdark_focus nicdark_bg_greydark2\">\n            <div class=\"nicdark_bg_greydark nicdark_focus nicdark_padding1020 nicdark_sizing nicdark_width_percentage50\">\n                <p class=\"white\"><i class=\"icon-direction\"><\/i> Panam\u00e1 <\/p>\n            <\/div>\n            <div class=\"nicdark_focus nicdark_padding1020 nicdark_sizing nicdark_width_percentage50\">\n                <p class=\"white\"><i class=\"icon-info\"><\/i> Luna de Miel <\/p>\n            <\/div>\n        <\/div>\n        \n        <div class=\"nicdark_margin20\">\n            <p>Disfruta tu luna de miel en la ciudad paname\u00f1a y todos sus destinos tur\u00edsticos. Haz un paseo por su casco viejo, cinta costera y el espectacular canal de Panam\u00e1<\/p>\n            <div class=\"nicdark_space20\"><\/div><a href=\"https:\/\/allamerican.travel\/elsalvador\/packages\/panama-ciudad-luna-de-miel\/\" class=\"nicdark_border_grey grey nicdark_btn nicdark_outline medium \">INFO<\/a>  \n        <\/div>\n\n    <\/div>\n<\/div>\n<!--end prev-->\n\n<\/div>[\/vc_column][vc_column width=\u00bb1\/3&#8243;]<div class=\"nicdark_masonry_container\">\n\n<!--start preview-->\n<div id=\"7431\" class=\"grid grid_12 percentage nicdark_masonry_item nicdark_padding10 nicdark_sizing\">\n    <div class=\"nicdark_archive1 nicdark_bg_white nicdark_border_grey nicdark_sizing \">\n\n\n        <!--start image-->\n        <div class=\"nicdark_focus nicdark_relative nicdark_fadeinout nicdark_overflow\">    \n\n            <img alt=\"\" class=\"nicdark_focus nicdark_zoom_image\" src=\"https:\/\/allamerican.travel\/elsalvador\/wp-content\/uploads\/2022\/02\/Roatan_Luna_De_Miel_Mesa-de-trabajo-1.jpg\">\n\n            \n            <!--price-->\n            <div class=\"nicdark_fadeout nicdark_absolute nicdark_height100percentage nicdark_width_percentage100\">  \n                <a href=\"https:\/\/allamerican.travel\/elsalvador\/packages\/roatan-luna-de-miel\/\" class=\"nicdark_btn nicdark_bg_yellow left white medium\">Desde $1,306<\/a>\n            <\/div>\n            <!--end price-->\n\n\n            <!--start content-->\n            <div class=\"nicdark_fadein nicdark_filter greydark nicdark_absolute nicdark_height100percentage nicdark_width_percentage100\">\n                <div class=\"nicdark_absolute nicdark_display_table nicdark_height100percentage nicdark_width_percentage100\">\n                    <div class=\"nicdark_cell nicdark_vertical_middle\">\n                        <a href=\"https:\/\/allamerican.travel\/elsalvador\/packages\/roatan-luna-de-miel\/\" class=\"nicdark_btn nicdark_border_white white medium\">INFO<\/a>\n                    <\/div>   \n                <\/div>   \n            <\/div>\n            <!--end content-->\n\n        <\/div>\n        <!--end image-->\n\n\n        <div class=\"nicdark_textevidence nicdark_bg_yellow\">\n            <h4 class=\"white nicdark_margin20\">ROAT\u00c1N LUNA DE MIEL<\/h4>\n        <\/div>\n\n\n        <div class=\"nicdark_focus nicdark_bg_greydark2\">\n            <div class=\"nicdark_bg_greydark nicdark_focus nicdark_padding1020 nicdark_sizing nicdark_width_percentage50\">\n                <p class=\"white\"><i class=\"icon-direction\"><\/i> Roat\u00e1n <\/p>\n            <\/div>\n            <div class=\"nicdark_focus nicdark_padding1020 nicdark_sizing nicdark_width_percentage50\">\n                <p class=\"white\"><i class=\"icon-info\"><\/i> Luna de Miel <\/p>\n            <\/div>\n        <\/div>\n        \n        <div class=\"nicdark_margin20\">\n            <p>Nuestro paquete a Roat\u00e1n es ideal para darle un break a la rutina. Disfruta con sus playas hermosas, snorkel y delfines.<\/p>\n            <div class=\"nicdark_space20\"><\/div><a href=\"https:\/\/allamerican.travel\/elsalvador\/packages\/roatan-luna-de-miel\/\" class=\"nicdark_border_grey grey nicdark_btn nicdark_outline medium \">INFO<\/a>  \n        <\/div>\n\n    <\/div>\n<\/div>\n<!--end prev-->\n\n<\/div>[\/vc_column][\/vc_row][vc_row][vc_column][vc_empty_space height=\u00bb40px\u00bb][\/vc_column][\/vc_row]<\/p>\n","protected":false},"excerpt":{"rendered":"<p>[vc_row][vc_column][vc_empty_space height=\u00bb60px\u00bb][\/vc_column][\/vc_row][vc_row][vc_column width=\u00bb1\/3&#8243;][\/vc_column][vc_column width=\u00bb1\/3&#8243;][\/vc_column][vc_column width=\u00bb1\/3&#8243;][\/vc_column][\/vc_row][vc_row][vc_column width=\u00bb1\/3&#8243;][\/vc_column][vc_column width=\u00bb1\/3&#8243;][\/vc_column][vc_column width=\u00bb1\/3&#8243;][\/vc_column][\/vc_row][vc_row][vc_column][vc_empty_space height=\u00bb40px\u00bb][\/vc_column][\/vc_row]<\/p>\n","protected":false},"author":1,"featured_media":0,"parent":0,"menu_order":0,"comment_status":"closed","ping_status":"closed","template":"","meta":[],"_links":{"self":[{"href":"https:\/\/allamerican.travel\/elsalvador\/wp-json\/wp\/v2\/pages\/2777"}],"collection":[{"href":"https:\/\/allamerican.travel\/elsalvador\/wp-json\/wp\/v2\/pages"}],"about":[{"href":"https:\/\/allamerican.travel\/elsalvador\/wp-json\/wp\/v2\/types\/page"}],"author":[{"embeddable":true,"href":"https:\/\/allamerican.travel\/elsalvador\/wp-json\/wp\/v2\/users\/1"}],"replies":[{"embeddable":true,"href":"https:\/\/allamerican.travel\/elsalvador\/wp-json\/wp\/v2\/comments?post=2777"}],"version-history":[{"count":24,"href":"https:\/\/allamerican.travel\/elsalvador\/wp-json\/wp\/v2\/pages\/2777\/revisions"}],"predecessor-version":[{"id":7434,"href":"https:\/\/allamerican.travel\/elsalvador\/wp-json\/wp\/v2\/pages\/2777\/revisions\/7434"}],"wp:attachment":[{"href":"https:\/\/allamerican.travel\/elsalvador\/wp-json\/wp\/v2\/media?parent=2777"}],"curies":[{"name":"wp","href":"https:\/\/api.w.org\/{rel}","templated":true}]}}