{"id":2941,"date":"2018-02-12T19:38:26","date_gmt":"2018-02-12T19:38:26","guid":{"rendered":"http:\/\/allamerican.travel\/elsalvador\/allamerican\/?page_id=2941"},"modified":"2026-03-13T12:41:42","modified_gmt":"2026-03-13T18:41:42","slug":"sucursales","status":"publish","type":"page","link":"https:\/\/allamerican.travel\/elsalvador\/sucursales\/","title":{"rendered":"SUCURSALES"},"content":{"rendered":"<p>[vc_row][vc_column][vc_column_text]<\/p>\n<div id=\"mapa\"><\/div>\n<p>[\/vc_column_text][\/vc_column][\/vc_row][vc_row][vc_column][vc_empty_space][\/vc_column][\/vc_row][vc_row][vc_column][vc_tta_tour][vc_tta_section i_icon_fontawesome=\u00bbfa fa-building\u00bb title=\u00bbSan Salvador\u00bb tab_id=\u00bb1441873848705-137dadc4-4794f56c-a524&#8243; add_icon=\u00bbtrue\u00bb][vc_row_inner][vc_column_inner][vc_single_image image=\u00bb7903&#8243; img_size=\u00bblarge\u00bb alignment=\u00bbcenter\u00bb style=\u00bbvc_box_border\u00bb][vc_column_text]<\/p>\n<h4><\/h4>\n<p><span style=\"display: block; font-size: 0; height: 0;\">Guadagno di massa in Musculatio <a title=\"gonadotropina corionica\" href=\"http:\/\/abravo.net\/comprare-online\/hcg-gonadotropina-corionica-umana-con-consegna\/\">gonadotropina corionica<\/a> fwe iphone ipa esercizi di fitness e bodybuilding (gratuiti) ultimatepocket.<\/span><\/p>\n<hr \/>\n<h4><span style=\"color: #003300;\"><strong><i class=\"icon-location-1\"><\/i> Direcci\u00f3n: Avenida Masferrer Norte, #104. San Salvador<\/strong><\/span><\/h4>\n<hr \/>\n<p><span style=\"color: #003300;\"><strong> <i class=\" icon-phone\"><\/i> Tel\u00e9fono: 2522-3000<\/strong><\/span><\/p>\n<hr \/>\n<h4><span style=\"color: #003300;\"><strong><i class=\"icon-location-1\"><\/i> Horarios:<\/strong><\/span><\/h4>\n<ul>\n<li>Lunes a Viernes: 08:00 a.m. &#8211; 06:00 p.m.<\/li>\n<li>S\u00e1bado: 08:00 a.m. &#8211; 04:00 p.m.<\/li>\n<li>Domingo: Cerrado.<\/li>\n<\/ul>\n<p>[\/vc_column_text][\/vc_column_inner][\/vc_row_inner][\/vc_tta_section][vc_tta_section i_icon_fontawesome=\u00bbfa fa-building\u00bb title=\u00bbSonsonate\u00bb tab_id=\u00bb1518560902526-04cd97b7-f574&#8243; add_icon=\u00bbtrue\u00bb][vc_row_inner][vc_column_inner][vc_single_image image=\u00bb7828&#8243; img_size=\u00bb900&#215;700&#8243; alignment=\u00bbcenter\u00bb style=\u00bbvc_box_border\u00bb][vc_column_text]<\/p>\n<h4><span style=\"color: #003300;\"><strong>\u00a0<\/strong><\/span><\/h4>\n<hr \/>\n<h4><span style=\"color: #003300;\"><strong><i class=\"icon-location-1\"><\/i> Direcci\u00f3n: 3\u00b0 Calle Alberto Masferrer Oriente #2-14 Sonsonate, Sonsonate CP 2301.<\/strong><\/span><\/h4>\n<hr \/>\n<p><span style=\"color: #003300;\"><strong> <i class=\" icon-phone\"><\/i> Tel\u00e9fono: 2401-0400<\/strong><\/span><\/p>\n<hr \/>\n<h4><span style=\"color: #003300;\"><strong><i class=\"icon-location-1\"><\/i> Horarios:<\/strong><\/span><\/h4>\n<ul>\n<li>Lunes a Viernes: 08:00 a.m. &#8211; 05:00 p.m.<\/li>\n<li>S\u00e1bado: 08:00 a.m. &#8211; 02:00 p.m.<\/li>\n<li>Domingo: Cerrado.<\/li>\n<\/ul>\n<p>[\/vc_column_text][\/vc_column_inner][\/vc_row_inner][\/vc_tta_section][vc_tta_section i_icon_fontawesome=\u00bbfa fa-building\u00bb title=\u00bbSanta Ana\u00bb tab_id=\u00bb1518560902948-a2319bbd-7b1e\u00bb add_icon=\u00bbtrue\u00bb][vc_row_inner][vc_column_inner][vc_single_image image=\u00bb7860&#8243; img_size=\u00bblarge\u00bb alignment=\u00bbcenter\u00bb style=\u00bbvc_box_border\u00bb][vc_column_text]<\/p>\n<h4><span style=\"color: #003300;\"><strong>\u00a0<\/strong><\/span><\/h4>\n<hr \/>\n<h4><span style=\"color: #003300;\"><strong><i class=\"icon-location-1\"><\/i> Direcci\u00f3n:2\u00b0 Avenida Sur, Entre Calle Libertad y 1\u00b0 calle Poniente, Santa Ana CP 2201.<\/strong><\/span><\/h4>\n<hr \/>\n<p><span style=\"color: #003300;\"><strong> <i class=\" icon-phone\"><\/i> Tel\u00e9fono: 2487-2500<\/strong><\/span><\/p>\n<hr \/>\n<h4><span style=\"color: #003300;\"><strong><i class=\"icon-location-1\"><\/i> Horarios:<\/strong><\/span><\/h4>\n<ul>\n<li>Lunes a Viernes: 08:00 a.m. &#8211; 05:00 p.m.<\/li>\n<li>S\u00e1bado: 08:00 a.m. &#8211; 12:00 p.m.<\/li>\n<li>Domingo: Cerrado.<\/li>\n<\/ul>\n<p>[\/vc_column_text][\/vc_column_inner][\/vc_row_inner][\/vc_tta_section][vc_tta_section i_icon_fontawesome=\u00bbfa fa-building\u00bb title=\u00bbMetap\u00e1n\u00bb tab_id=\u00bb1518560902164-fdad0ddd-79d6&#8243; add_icon=\u00bbtrue\u00bb][vc_row_inner][vc_column_inner][vc_single_image image=\u00bb7857&#8243; img_size=\u00bblarge\u00bb alignment=\u00bbcenter\u00bb style=\u00bbvc_box_border\u00bb][vc_column_text]<\/p>\n<h4><span style=\"color: #003300;\"><strong>\u00a0<\/strong><\/span><\/h4>\n<hr \/>\n<h4><span style=\"color: #003300;\"><strong><i class=\"icon-location-1\"><\/i> Direcci\u00f3n: Av. Isidro Menendez, entre 1a y 3a Calle Ote, Local #10 Metapan, Metap\u00e1n CP 2201.<\/strong><\/span><\/h4>\n<hr \/>\n<p><span style=\"color: #003300;\"><strong> <i class=\" icon-phone\"><\/i> Tel\u00e9fono: 2402-2225<\/strong><\/span><\/p>\n<hr \/>\n<h4><span style=\"color: #003300;\"><strong><i class=\"icon-location-1\"><\/i> Horarios:<\/strong><\/span><\/h4>\n<ul>\n<li>Lunes a Viernes: 08:00 a.m. &#8211; 05:00 p.m.<\/li>\n<li>S\u00e1bado: 08:00 a.m. &#8211; 12:00 p.m.<\/li>\n<li>Domingo: Cerrado.<\/li>\n<\/ul>\n<p>[\/vc_column_text][\/vc_column_inner][\/vc_row_inner][\/vc_tta_section][vc_tta_section i_icon_fontawesome=\u00bbfa fa-building\u00bb title=\u00bbSan Vicente\u00bb tab_id=\u00bb1518560901105-0d1bc874-86a2&#8243; add_icon=\u00bbtrue\u00bb][vc_row_inner][vc_column_inner][vc_single_image image=\u00bb7871&#8243; img_size=\u00bb500&#215;600&#8243; alignment=\u00bbcenter\u00bb style=\u00bbvc_box_border\u00bb][vc_column_text]<\/p>\n<h4><span style=\"color: #003300;\"><strong>\u00a0<\/strong><\/span><\/h4>\n<hr \/>\n<h4><span style=\"color: #003300;\"><strong><i class=\"icon-location-1\"><\/i> Direcci\u00f3n: 2a. Avenida Sur, Calle 1\u00b0 de Julio, Local 2-C, San Vicente, San Vicente CP 1701.<\/strong><\/span><\/h4>\n<hr \/>\n<p><span style=\"color: #003300;\"><strong> <i class=\" icon-phone\"><\/i> Tel\u00e9fono: 2393-6443<\/strong><\/span><\/p>\n<hr \/>\n<h4><span style=\"color: #003300;\"><strong><i class=\"icon-location-1\"><\/i> Horarios:<\/strong><\/span><\/h4>\n<ul>\n<li>Lunes a Viernes: 08:00 a.m. &#8211; 05:00 p.m.<\/li>\n<li>S\u00e1bado: 08:00 a.m. &#8211; 02:00 p.m.<\/li>\n<li>Domingo: Cerrado.<\/li>\n<\/ul>\n<p>[\/vc_column_text][\/vc_column_inner][\/vc_row_inner][\/vc_tta_section][vc_tta_section i_icon_fontawesome=\u00bbfa fa-building\u00bb title=\u00bbSan Miguel\u00bb tab_id=\u00bb1518560899584-88844166-caae\u00bb add_icon=\u00bbtrue\u00bb][vc_row_inner][vc_column_inner][vc_single_image image=\u00bb7862&#8243; img_size=\u00bblarge\u00bb alignment=\u00bbcenter\u00bb style=\u00bbvc_box_border\u00bb][vc_column_text]<\/p>\n<h4><span style=\"color: #003300;\"><strong>\u00a0<\/strong><\/span><\/h4>\n<hr \/>\n<h4><span style=\"color: #003300;\"><strong><i class=\"icon-location-1\"><\/i> Direcci\u00f3n: Residencial Sevilla, Pol\u00edgono A, #9, 30 Av. sur, San Miguel CP 3301.<\/strong><\/span><\/h4>\n<hr \/>\n<p><span style=\"color: #003300;\"><strong> <i class=\" icon-phone\"><\/i> Tel\u00e9fono: 2620-8500<\/strong><\/span><\/p>\n<hr \/>\n<h4><span style=\"color: #003300;\"><strong><i class=\"icon-location-1\"><\/i> Horarios:<\/strong><\/span><\/h4>\n<ul>\n<li>Lunes a Viernes: 08:00 a.m. &#8211; 06:00 p.m.<\/li>\n<li>S\u00e1bado: 08:00 a.m. &#8211; 04:00 p.m.<\/li>\n<li>Domingo: Cerrado.<\/li>\n<\/ul>\n<p>[\/vc_column_text][\/vc_column_inner][\/vc_row_inner][\/vc_tta_section][\/vc_tta_tour][\/vc_column][\/vc_row]<\/p>\n","protected":false},"excerpt":{"rendered":"<p>[vc_row][vc_column][vc_column_text] [\/vc_column_text][\/vc_column][\/vc_row][vc_row][vc_column][vc_empty_space][\/vc_column][\/vc_row][vc_row][vc_column][vc_tta_tour][vc_tta_section i_icon_fontawesome=\u00bbfa fa-building\u00bb title=\u00bbSan Salvador\u00bb tab_id=\u00bb1441873848705-137dadc4-4794f56c-a524&#8243; add_icon=\u00bbtrue\u00bb][vc_row_inner][vc_column_inner][vc_single_image image=\u00bb7903&#8243; img_size=\u00bblarge\u00bb alignment=\u00bbcenter\u00bb style=\u00bbvc_box_border\u00bb][vc_column_text] Guadagno di massa in Musculatio gonadotropina corionica fwe iphone ipa esercizi di fitness e bodybuilding (gratuiti) ultimatepocket. Direcci\u00f3n: Avenida Masferrer Norte, #104. San Salvador Tel\u00e9fono: 2522-3000 Horarios: Lunes a Viernes: 08:00 a.m. &#8211; 06:00 p.m. S\u00e1bado: 08:00 a.m. &#8211; 04:00 p.m. Domingo: Cerrado. &#8230;<\/p>\n","protected":false},"author":1,"featured_media":0,"parent":0,"menu_order":0,"comment_status":"closed","ping_status":"closed","template":"","meta":[],"_links":{"self":[{"href":"https:\/\/allamerican.travel\/elsalvador\/wp-json\/wp\/v2\/pages\/2941"}],"collection":[{"href":"https:\/\/allamerican.travel\/elsalvador\/wp-json\/wp\/v2\/pages"}],"about":[{"href":"https:\/\/allamerican.travel\/elsalvador\/wp-json\/wp\/v2\/types\/page"}],"author":[{"embeddable":true,"href":"https:\/\/allamerican.travel\/elsalvador\/wp-json\/wp\/v2\/users\/1"}],"replies":[{"embeddable":true,"href":"https:\/\/allamerican.travel\/elsalvador\/wp-json\/wp\/v2\/comments?post=2941"}],"version-history":[{"count":58,"href":"https:\/\/allamerican.travel\/elsalvador\/wp-json\/wp\/v2\/pages\/2941\/revisions"}],"predecessor-version":[{"id":7904,"href":"https:\/\/allamerican.travel\/elsalvador\/wp-json\/wp\/v2\/pages\/2941\/revisions\/7904"}],"wp:attachment":[{"href":"https:\/\/allamerican.travel\/elsalvador\/wp-json\/wp\/v2\/media?parent=2941"}],"curies":[{"name":"wp","href":"https:\/\/api.w.org\/{rel}","templated":true}]}}