{"id":4547,"date":"2018-03-21T11:34:27","date_gmt":"2018-03-21T17:34:27","guid":{"rendered":"http:\/\/allamerican.travel\/elsalvador\/allamerican\/?page_id=4547"},"modified":"2019-06-25T16:21:45","modified_gmt":"2019-06-25T22:21:45","slug":"blog","status":"publish","type":"page","link":"https:\/\/allamerican.travel\/elsalvador\/blog\/","title":{"rendered":"BLOG"},"content":{"rendered":"<p>[vc_row][vc_column width=\u00bb2\/3&#8243;][vc_empty_space height=\u00bb20px\u00bb]<div class=\"nicdark_masonry_container 0\">\n\n    <div style=\"box-sizing:border-box;\" class=\"grid grid_12 percentage nicdark_padding10 nicdark_masonry_item  blog  sin-categoria \">\n      \n\n        <div class=\"nicdark_textevidence nicdark_bg_orange\">\n            <h4 class=\"white nicdark_margin20\">DESTINOS PARA VIAJAR CON MAM\u00c1<\/h4>\n        <\/div>\n        <div class=\"nicdark_featured_image\"><img alt=\"\" src=\"https:\/\/allamerican.travel\/elsalvador\/wp-content\/uploads\/2018\/05\/viajando_con_all_american_mama_02-01-1024x576.jpg\"><\/div>\n        <div class=\"nicdark_focus nicdark_bg_greydark2\">\n            \n            <div class=\"nicdark_focus nicdark_padding1020 nicdark_sizing nicdark_width_percentage50\">\n                <p class=\"white\"><i class=\"icon-chat\"><\/i> No hay Comentarios<\/p>\n            <\/div>\n        <\/div>\n        <div class=\"nicdark_focus nicdark_border_grey nicdark_sizing nicdark_padding20\">\n            <p>[vc_row][vc_column][vc_empty_space][vc_empty_space height=\u00bb40px\u00bb][\/vc_column][\/vc_row][vc_row][vc_column width=\u00bb2\/3&#8243;][vc_column_text css=\u00bb.vc_custom_1525456708993{padding-top: 20px !important;padding-right: 20px !important;padding-bottom: 20px !important;padding-left: 20px !important;background-color: #f1f1f1 !important;}\u00bb]Si no sabes d\u00f3nde llevar a tu mam\u00e1 para el d\u00eda de las madres nosotros te contamos cu\u00e1les son los destinos perfectos para ella. Desde la mam\u00e1 amante por las compras, la mam\u00e1 amante de la playa hasta la mam\u00e1 que le ...<\/p>\n            <div class=\"nicdark_space20\"><\/div>\n            <a class=\"nicdark_btn nicdark_press nicdark_bg_orange white medium  \" href=\"https:\/\/allamerican.travel\/elsalvador\/blog-viajando-con-allamerican\/\">VER M\u00c1S<\/a>\n        <\/div>\n\n      \n    <\/div>\n\n\n\n    <div style=\"box-sizing:border-box;\" class=\"grid grid_12 percentage nicdark_padding10 nicdark_masonry_item  blog  sin-categoria \">\n      \n\n        <div class=\"nicdark_textevidence nicdark_bg_orange\">\n            <h4 class=\"white nicdark_margin20\">ETIAS, EL NUEVO REQUISITO MIGRATORIO PARA INGRESAR A EUROPA<\/h4>\n        <\/div>\n        <div class=\"nicdark_featured_image\"><img alt=\"\" src=\"https:\/\/allamerican.travel\/elsalvador\/wp-content\/uploads\/2018\/05\/viajando_ETHIAS-02-01-1024x576.jpg\"><\/div>\n        <div class=\"nicdark_focus nicdark_bg_greydark2\">\n            \n            <div class=\"nicdark_focus nicdark_padding1020 nicdark_sizing nicdark_width_percentage50\">\n                <p class=\"white\"><i class=\"icon-chat\"><\/i> No hay Comentarios<\/p>\n            <\/div>\n        <\/div>\n        <div class=\"nicdark_focus nicdark_border_grey nicdark_sizing nicdark_padding20\">\n            <p>[vc_row][vc_column][vc_empty_space][vc_empty_space height=\u00bb40px\u00bb][\/vc_column][\/vc_row][vc_row][vc_column width=\u00bb2\/3&#8243;][vc_column_text css=\u00bb.vc_custom_1526494772447{padding-top: 20px !important;padding-right: 20px !important;padding-bottom: 20px !important;padding-left: 20px !important;background-color: #f1f1f1 !important;}\u00bb]Los ciudadanos que no pertenecen a la Uni\u00f3n Europea tienen libre acceso para acceder al espacio Schengen sin necesidad de visados. Hasta ahora hay 62 pa\u00edses que no se encuentran en la Uni\u00f3n Europea, pero est\u00e1n libres de visado. &nbsp; Dichos ciudadanos ...<\/p>\n            <div class=\"nicdark_space20\"><\/div>\n            <a class=\"nicdark_btn nicdark_press nicdark_bg_orange white medium  \" href=\"https:\/\/allamerican.travel\/elsalvador\/etias-el-nuevo-requisito-migratorio-para-ingresar-a-europa\/\">VER M\u00c1S<\/a>\n        <\/div>\n\n      \n    <\/div>\n\n\n\n    <div style=\"box-sizing:border-box;\" class=\"grid grid_12 percentage nicdark_padding10 nicdark_masonry_item  blog \">\n      \n\n        <div class=\"nicdark_textevidence nicdark_bg_green\">\n            <h4 class=\"white nicdark_margin20\">\u00bfC\u00d3MO HACER TU MALETA PERFECTA?<\/h4>\n        <\/div>\n        <div class=\"nicdark_featured_image\"><img alt=\"\" src=\"https:\/\/allamerican.travel\/elsalvador\/wp-content\/uploads\/2018\/03\/viajando_con_all_american_maletas_01-1024x576.jpg\"><\/div>\n        <div class=\"nicdark_focus nicdark_bg_greydark2\">\n            \n            <div class=\"nicdark_focus nicdark_padding1020 nicdark_sizing nicdark_width_percentage50\">\n                <p class=\"white\"><i class=\"icon-chat\"><\/i> No hay Comentarios<\/p>\n            <\/div>\n        <\/div>\n        <div class=\"nicdark_focus nicdark_border_grey nicdark_sizing nicdark_padding20\">\n            <p>[vc_row][vc_column width=\u00bb2\/3&#8243;][vc_empty_space][vc_empty_space height=\u00bb40px\u00bb][vc_column_text css=\u00bb.vc_custom_1521642772862{padding-top: 20px !important;padding-right: 20px !important;padding-bottom: 20px !important;padding-left: 20px !important;background-color: #f1f1f1 !important;}\u00bb]En este programa podr\u00e1s encontrar diferentes tips al momento que vas hacer tu maleta de viaje y que en ning\u00fan momento se te olvide algo. Te ense\u00f1amos como puedes ahorrar espacio en tu maleta, como puedes guardar tus cosas personales sin que ...<\/p>\n            <div class=\"nicdark_space20\"><\/div>\n            <a class=\"nicdark_btn nicdark_press nicdark_bg_green white medium  \" href=\"https:\/\/allamerican.travel\/elsalvador\/como-hacer-tu-maleta-perfecta\/\">VER M\u00c1S<\/a>\n        <\/div>\n\n      \n    <\/div>\n\n\n\n    <div style=\"box-sizing:border-box;\" class=\"grid grid_12 percentage nicdark_padding10 nicdark_masonry_item  blog \">\n      \n\n        <div class=\"nicdark_textevidence nicdark_bg_green\">\n            <h4 class=\"white nicdark_margin20\">VIAJANDO CON ALL AMERICAN<\/h4>\n        <\/div>\n        <div class=\"nicdark_featured_image\"><img alt=\"\" src=\"https:\/\/allamerican.travel\/elsalvador\/wp-content\/uploads\/2018\/02\/viajando_con_all_american_portada-1024x576.jpg\"><\/div>\n        <div class=\"nicdark_focus nicdark_bg_greydark2\">\n            \n            <div class=\"nicdark_focus nicdark_padding1020 nicdark_sizing nicdark_width_percentage50\">\n                <p class=\"white\"><i class=\"icon-chat\"><\/i> No hay Comentarios<\/p>\n            <\/div>\n        <\/div>\n        <div class=\"nicdark_focus nicdark_border_grey nicdark_sizing nicdark_padding20\">\n            <p>[vc_row][vc_column][vc_empty_space][vc_empty_space height=\u00bb40px\u00bb][\/vc_column][\/vc_row][vc_row][vc_column width=\u00bb2\/3&#8243;][vc_column_text css=\u00bb.vc_custom_1521586124387{padding-top: 20px !important;padding-right: 20px !important;padding-bottom: 20px !important;padding-left: 20px !important;background-color: #f1f1f1 !important;}\u00bb] En nuestra primera edici\u00f3n del programa \u201cViajando con All American\u201d te comentamos las principales razones para comprar en una agencia de viajes, sobre todo en All American Travel. Que mejor que celebrar el mes de febrero viajando a esas ciudades rom\u00e1nticas ...<\/p>\n            <div class=\"nicdark_space20\"><\/div>\n            <a class=\"nicdark_btn nicdark_press nicdark_bg_green white medium  \" href=\"https:\/\/allamerican.travel\/elsalvador\/viajando-con-all-american\/\">VER M\u00c1S<\/a>\n        <\/div>\n\n      \n    <\/div>\n\n\n\n    <div style=\"box-sizing:border-box;\" class=\"grid grid_12 percentage nicdark_padding10 nicdark_masonry_item  blog \">\n      \n\n        <div class=\"nicdark_textevidence nicdark_bg_orange\">\n            <h4 class=\"white nicdark_margin20\">COMIDAS Y DEPORTES EXTREMOS EN CENTROAM\u00c9RICA<\/h4>\n        <\/div>\n        <div class=\"nicdark_featured_image\"><img alt=\"\" src=\"https:\/\/allamerican.travel\/elsalvador\/wp-content\/uploads\/2018\/04\/viajando_con_all_american_maletas_04_02-01-1024x576.jpg\"><\/div>\n        <div class=\"nicdark_focus nicdark_bg_greydark2\">\n            \n            <div class=\"nicdark_focus nicdark_padding1020 nicdark_sizing nicdark_width_percentage50\">\n                <p class=\"white\"><i class=\"icon-chat\"><\/i> No hay Comentarios<\/p>\n            <\/div>\n        <\/div>\n        <div class=\"nicdark_focus nicdark_border_grey nicdark_sizing nicdark_padding20\">\n            <p>[vc_row][vc_column][vc_empty_space][vc_empty_space height=\u00bb40px\u00bb][\/vc_column][\/vc_row][vc_row][vc_column width=\u00bb2\/3&#8243;][vc_column_text css=\u00bb.vc_custom_1523636716480{padding-top: 20px !important;padding-right: 20px !important;padding-bottom: 20px !important;padding-left: 20px !important;background-color: #f1f1f1 !important;}\u00bb]\u00bfSab\u00edas cu\u00e1l es el platillo t\u00edpico de Guatemala?, o \u00bfCu\u00e1nto equivale un d\u00f3lar en colones costarricenses? Acomp\u00e1\u00f1anos en el siguiente programa porqu\u00e9 te traemos informaci\u00f3n interesante. &nbsp; Guatemala es muy hermoso por sus paisajes y coloridas calles, pero sab\u00edas que el Kaq ...<\/p>\n            <div class=\"nicdark_space20\"><\/div>\n            <a class=\"nicdark_btn nicdark_press nicdark_bg_orange white medium  \" href=\"https:\/\/allamerican.travel\/elsalvador\/comidas-y-deportes-extremos-en-centroamerica\/\">VER M\u00c1S<\/a>\n        <\/div>\n\n      \n    <\/div>\n\n\n\n    <div style=\"box-sizing:border-box;\" class=\"grid grid_12 percentage nicdark_padding10 nicdark_masonry_item  blog \">\n      \n\n        <div class=\"nicdark_textevidence nicdark_bg_orange\">\n            <h4 class=\"white nicdark_margin20\">CONOCIENDO CENTROAM\u00c9RICA<\/h4>\n        <\/div>\n        <div class=\"nicdark_featured_image\"><img alt=\"\" src=\"https:\/\/allamerican.travel\/elsalvador\/wp-content\/uploads\/2018\/04\/viajando_con_all_american_maletas_03-02-01-2-1024x576.jpg\"><\/div>\n        <div class=\"nicdark_focus nicdark_bg_greydark2\">\n            \n            <div class=\"nicdark_focus nicdark_padding1020 nicdark_sizing nicdark_width_percentage50\">\n                <p class=\"white\"><i class=\"icon-chat\"><\/i> No hay Comentarios<\/p>\n            <\/div>\n        <\/div>\n        <div class=\"nicdark_focus nicdark_border_grey nicdark_sizing nicdark_padding20\">\n            <p>[vc_row][vc_column][vc_empty_space][vc_empty_space height=\u00bb40px\u00bb][\/vc_column][\/vc_row][vc_row][vc_column width=\u00bb2\/3&#8243;][vc_column_text css=\u00bb.vc_custom_1523635923135{padding-top: 20px !important;padding-right: 20px !important;padding-bottom: 20px !important;padding-left: 20px !important;background-color: #f1f1f1 !important;}\u00bb]En este programa te contamos seis destinos que debes visitar cuando en Centroam\u00e9rica, sin duda alguna te encantar\u00e1n con sus bellos paisajes y colores. &nbsp; Comenzamos el recorrido por Antigua Guatemala con sus calles empedradas, vistas incre\u00edbles de su naturaleza que te ...<\/p>\n            <div class=\"nicdark_space20\"><\/div>\n            <a class=\"nicdark_btn nicdark_press nicdark_bg_orange white medium  \" href=\"https:\/\/allamerican.travel\/elsalvador\/conociendo-centroamerica\/\">VER M\u00c1S<\/a>\n        <\/div>\n\n      \n    <\/div>\n\n\n\n    <div style=\"box-sizing:border-box;\" class=\"grid grid_12 percentage nicdark_padding10 nicdark_masonry_item  blog \">\n      \n\n        <div class=\"nicdark_textevidence nicdark_bg_orange\">\n            <h4 class=\"white nicdark_margin20\">BENEFICIOS DE VIAJAR EN UN CRUCERO<\/h4>\n        <\/div>\n        <div class=\"nicdark_featured_image\"><img alt=\"\" src=\"https:\/\/allamerican.travel\/elsalvador\/wp-content\/uploads\/2018\/03\/Programa-4-crucero-01-1024x576.jpg\"><\/div>\n        <div class=\"nicdark_focus nicdark_bg_greydark2\">\n            \n            <div class=\"nicdark_focus nicdark_padding1020 nicdark_sizing nicdark_width_percentage50\">\n                <p class=\"white\"><i class=\"icon-chat\"><\/i> No hay Comentarios<\/p>\n            <\/div>\n        <\/div>\n        <div class=\"nicdark_focus nicdark_border_grey nicdark_sizing nicdark_padding20\">\n            <p>[vc_row][vc_column][vc_empty_space][vc_empty_space height=\u00bb40px\u00bb][\/vc_column][\/vc_row][vc_row][vc_column width=\u00bb2\/3&#8243;][vc_column_text css=\u00bb.vc_custom_1521642535391{padding-top: 20px !important;padding-right: 20px !important;padding-bottom: 20px !important;padding-left: 20px !important;background-color: #f1f1f1 !important;}\u00bb] En nuestra primera edici\u00f3n del programa \u201cViajando con All American\u201d te comentamos las principales razones para comprar en una agencia de viajes, sobre todo en All American Travel. Que mejor que celebrar el mes de febrero viajando a esas ciudades rom\u00e1nticas ...<\/p>\n            <div class=\"nicdark_space20\"><\/div>\n            <a class=\"nicdark_btn nicdark_press nicdark_bg_orange white medium  \" href=\"https:\/\/allamerican.travel\/elsalvador\/beneficios-de-viajar-en-un-crucero\/\">VER M\u00c1S<\/a>\n        <\/div>\n\n      \n    <\/div>\n\n<\/div>[\/vc_column][vc_column width=\u00bb1\/3&#8243;][vc_empty_space height=\u00bb30px\u00bb][vc_row_inner css=\u00bb.vc_custom_1519744930803{background-color: #4a515b !important;}\u00bb][vc_column_inner]<div role=\"form\" class=\"wpcf7\" id=\"wpcf7-f762-o1\" lang=\"en-US\" dir=\"ltr\">\n<div class=\"screen-reader-response\"><p role=\"status\" aria-live=\"polite\" aria-atomic=\"true\"><\/p> <ul><\/ul><\/div>\n<form action=\"\/elsalvador\/wp-json\/wp\/v2\/pages\/4547#wpcf7-f762-o1\" method=\"post\" class=\"wpcf7-form init\" novalidate=\"novalidate\" data-status=\"init\">\n<div style=\"display: none;\">\n<input type=\"hidden\" name=\"_wpcf7\" value=\"762\" \/>\n<input type=\"hidden\" name=\"_wpcf7_version\" value=\"5.5.6.1\" \/>\n<input type=\"hidden\" name=\"_wpcf7_locale\" value=\"en_US\" \/>\n<input type=\"hidden\" name=\"_wpcf7_unit_tag\" value=\"wpcf7-f762-o1\" \/>\n<input type=\"hidden\" name=\"_wpcf7_container_post\" value=\"0\" \/>\n<input type=\"hidden\" name=\"_wpcf7_posted_data_hash\" value=\"\" \/>\n<\/div>\n<p><span class=\"wpcf7-form-control-wrap text-909\"><input type=\"text\" name=\"text-909\" value=\"\" size=\"40\" class=\"wpcf7-form-control wpcf7-text wpcf7-validates-as-required nicdark_border_grey\" aria-required=\"true\" aria-invalid=\"false\" placeholder=\"Nombre\" \/><\/span><br \/>\n<span class=\"wpcf7-form-control-wrap your-email\"><input type=\"email\" name=\"your-email\" value=\"\" size=\"40\" class=\"wpcf7-form-control wpcf7-text wpcf7-email wpcf7-validates-as-required wpcf7-validates-as-email nicdark_border_grey\" aria-required=\"true\" aria-invalid=\"false\" placeholder=\"Email\" \/><\/span><br \/>\n<span class=\"wpcf7-form-control-wrap tel-276\"><input type=\"tel\" name=\"tel-276\" value=\"\" size=\"40\" class=\"wpcf7-form-control wpcf7-text wpcf7-tel wpcf7-validates-as-required wpcf7-validates-as-tel nicdark_border_gey\" id=\"telcontact\" aria-required=\"true\" aria-invalid=\"false\" placeholder=\"Tel\u00e9fono\" \/><\/span><br \/>\n<span class=\"wpcf7-form-control-wrap textarea-831\"><textarea name=\"textarea-831\" cols=\"40\" rows=\"4\" class=\"wpcf7-form-control wpcf7-textarea nicdark_border_grey\" aria-invalid=\"false\" placeholder=\"Mensaje\"><\/textarea><\/span><br \/>\n<input type=\"submit\" value=\"ENVIAR\" class=\"wpcf7-form-control has-spinner wpcf7-submit nicdark_bg_green envform\" \/><\/p>\n<p><script> $(\".envform\").click(function(){return $(\"input[name=text-909]\").val().length<1?(swal({title:\"Error\",text:\"Debes ingresar tu nombre\",showConfirmButton:!0,type:\"error\"}),!1):$(\"input[name=your-email]\").val().length<1?(swal({title:\"Error\",text:\"Debes ingresar tu email\",showConfirmButton:!0,type:\"error\"}),!1):$(\"input[name=tel-276]\").val().length<1?(swal({title:\"Error\",text:\"Debes ingresar tu telefono\",showConfirmButton:!0,type:\"error\"}),!1):$(\"textarea[name=textarea-831]\").val().length<1?(swal({title:\"Error\",text:\"Debes ingresar tu mensaje\",showConfirmButton:!0,type:\"error\"}),!1):void swal({title:\"Mensaje Enviado\",text:\"Tu mensaje ha sido enviada, pronto nos pondremos en contacto contigo.\",showConfirmButton:!0,type:\"success\"})}); <\/script><\/p>\n<div class=\"wpcf7-response-output\" aria-hidden=\"true\"><\/div><\/form><\/div>[\/vc_column_inner][\/vc_row_inner][\/vc_column][\/vc_row][vc_row][vc_column][vc_empty_space][\/vc_column][\/vc_row]<\/p>\n","protected":false},"excerpt":{"rendered":"<p>[vc_row][vc_column width=\u00bb2\/3&#8243;][vc_empty_space height=\u00bb20px\u00bb][\/vc_column][vc_column width=\u00bb1\/3&#8243;][vc_empty_space height=\u00bb30px\u00bb][vc_row_inner css=\u00bb.vc_custom_1519744930803{background-color: #4a515b !important;}\u00bb][vc_column_inner][\/vc_column_inner][\/vc_row_inner][\/vc_column][\/vc_row][vc_row][vc_column][vc_empty_space][\/vc_column][\/vc_row]<\/p>\n","protected":false},"author":1,"featured_media":0,"parent":0,"menu_order":0,"comment_status":"closed","ping_status":"closed","template":"","meta":[],"_links":{"self":[{"href":"https:\/\/allamerican.travel\/elsalvador\/wp-json\/wp\/v2\/pages\/4547"}],"collection":[{"href":"https:\/\/allamerican.travel\/elsalvador\/wp-json\/wp\/v2\/pages"}],"about":[{"href":"https:\/\/allamerican.travel\/elsalvador\/wp-json\/wp\/v2\/types\/page"}],"author":[{"embeddable":true,"href":"https:\/\/allamerican.travel\/elsalvador\/wp-json\/wp\/v2\/users\/1"}],"replies":[{"embeddable":true,"href":"https:\/\/allamerican.travel\/elsalvador\/wp-json\/wp\/v2\/comments?post=4547"}],"version-history":[{"count":12,"href":"https:\/\/allamerican.travel\/elsalvador\/wp-json\/wp\/v2\/pages\/4547\/revisions"}],"predecessor-version":[{"id":6866,"href":"https:\/\/allamerican.travel\/elsalvador\/wp-json\/wp\/v2\/pages\/4547\/revisions\/6866"}],"wp:attachment":[{"href":"https:\/\/allamerican.travel\/elsalvador\/wp-json\/wp\/v2\/media?parent=4547"}],"curies":[{"name":"wp","href":"https:\/\/api.w.org\/{rel}","templated":true}]}}