{"id":2950,"date":"2018-02-12T22:44:48","date_gmt":"2018-02-12T22:44:48","guid":{"rendered":"http:\/\/allamerican.travel\/guatemala\/allamerican\/?page_id=2950"},"modified":"2019-07-26T15:50:54","modified_gmt":"2019-07-26T21:50:54","slug":"renta-de-autos","status":"publish","type":"page","link":"https:\/\/allamerican.travel\/guatemala\/renta-de-autos\/","title":{"rendered":"RENTA DE AUTOS"},"content":{"rendered":"<p>[vc_row][vc_column][vc_empty_space height=\u00bb40px\u00bb][\/vc_column][\/vc_row][vc_row equal_height=\u00bbyes\u00bb parallax=\u00bbcontent-moving-fade\u00bb][vc_column][vc_column_text]Dale un broche de oro a la comodidad de tu viaje con una renta de autos. Viaja tranquilo y sin preocupaciones en un veh\u00edculo moderno que m\u00e1s se adapte a tus necesidades: Econ\u00f3mico, deportivo, camioneta, 4&#215;4, entre otros.<\/p>\n<p>&nbsp;<\/p>\n<p>Si tienes que mobilizarte grandes distancias, una renta de autos es ideal para ti. Pregunta por nuestras promociones en renta de autos[\/vc_column_text][vc_empty_space height=\u00bb55px\u00bb]<h2 style=\"color:#000000;\" class=\"  center\"><\/h2>[vc_empty_space][vc_column_text][\/vc_column_text][\/vc_column][\/vc_row][vc_row equal_height=\u00bbyes\u00bb][vc_column width=\u00bb1\/2&#8243;][vc_column_text css=\u00bb.vc_custom_1521248379481{padding-top: 10px !important;padding-bottom: 10px !important;background-color: #3c9108 !important;}\u00bb]<\/p>\n<p style=\"text-align: center;\"><span style=\"color: #ffffff;\">ALAMO<\/span><\/p>\n<p>[\/vc_column_text][vc_single_image image=\u00bb6468&#8243; img_size=\u00bblarge\u00bb alignment=\u00bbcenter\u00bb style=\u00bbvc_box_rounded\u00bb onclick=\u00bblink_image\u00bb][vc_column_text css=\u00bb.vc_custom_1521248713801{padding-top: 8px !important;padding-right: 8px !important;padding-bottom: 8px !important;padding-left: 8px !important;background-color: #f2f2f2 !important;}\u00bb]<\/p>\n<p style=\"text-align: justify;\">Elija entre una variedad de opciones y tipos de veh\u00edculos de alquiler, incluidos sedanes, SUV, camiones y furgonetas. Ya sea que est\u00e9 buscando un auto peque\u00f1o o uno grande para toda la familia.<\/p>\n<p>[\/vc_column_text][vc_column_text css=\u00bb.vc_custom_1543416610171{padding-top: 10px !important;padding-bottom: 10px !important;background-color: #3c9108 !important;}\u00bb]<\/p>\n<p style=\"text-align: center;\"><span style=\"color: #ffffff;\">EUROPCAR<\/span><\/p>\n<p>[\/vc_column_text][vc_single_image image=\u00bb5474&#8243; img_size=\u00bblarge\u00bb alignment=\u00bbcenter\u00bb style=\u00bbvc_box_rounded\u00bb onclick=\u00bblink_image\u00bb][vc_column_text css=\u00bb.vc_custom_1543416495237{padding-top: 8px !important;padding-right: 8px !important;padding-bottom: 8px !important;padding-left: 8px !important;background-color: #f2f2f2 !important;}\u00bb]<\/p>\n<p style=\"text-align: justify;\">La rentadora de autos a nivel mundial. Si tienes un viaje hacia Estados Unidos, Suram\u00e9rica, Europa o alg\u00fan destino ex\u00f3tico de Asia y \u00c1frica, Europcar es la mejor opci\u00f3n con disponibilidad de veh\u00edculos en todo el mundo.<\/p>\n<p>[\/vc_column_text][\/vc_column][vc_column width=\u00bb1\/2&#8243;][vc_column_text css=\u00bb.vc_custom_1521248733201{padding-top: 10px !important;padding-bottom: 10px !important;background-color: #3c9108 !important;}\u00bb]<\/p>\n<p style=\"text-align: center;\"><span style=\"color: #ffffff;\">HERTZ<\/span><\/p>\n<p>[\/vc_column_text][vc_single_image image=\u00bb6469&#8243; img_size=\u00bblarge\u00bb alignment=\u00bbcenter\u00bb style=\u00bbvc_box_rounded\u00bb onclick=\u00bblink_image\u00bb css=\u00bb.vc_custom_1561672358643{border-radius: 1px !important;}\u00bb][vc_column_text css=\u00bb.vc_custom_1521248766816{padding-top: 8px !important;padding-right: 8px !important;padding-bottom: 8px !important;padding-left: 8px !important;background-color: #f2f2f2 !important;}\u00bb]Ya sea para un alquiler de negocios o de vacaciones, Hertz cuenta con una amplia gama de autos de lujo , deportivos e h\u00edbridos disponibles para satisfacer todas tus necesidades.viaje libre de preocupaciones.[\/vc_column_text][vc_column_text css=\u00bb.vc_custom_1521248784049{padding-top: 10px !important;padding-bottom: 10px !important;background-color: #3c9108 !important;}\u00bb]<\/p>\n<p style=\"text-align: center;\"><span style=\"color: #ffffff;\">THRIFTY<\/span><\/p>\n<p>[\/vc_column_text][vc_single_image image=\u00bb6470&#8243; img_size=\u00bblarge\u00bb alignment=\u00bbcenter\u00bb style=\u00bbvc_box_rounded\u00bb onclick=\u00bblink_image\u00bb css=\u00bb.vc_custom_1561672419628{border-radius: 1px !important;}\u00bb][vc_column_text css=\u00bb.vc_custom_1521248835217{padding-top: 8px !important;padding-right: 8px !important;padding-bottom: 8px !important;padding-left: 8px !important;background-color: #f2f2f2 !important;}\u00bb]Reserve su coche de alquiler en\u00a0\u00a0 y ahorre con nuestras excelentes ofertas de alquiler al mejor precio, garantizado. Con m\u00e1s de 300 ubicaciones en todo el mundo.[\/vc_column_text][\/vc_column][\/vc_row][vc_row][vc_column width=\u00bb1\/3&#8243;][\/vc_column][vc_column width=\u00bb1\/3&#8243;][\/vc_column][vc_column width=\u00bb1\/3&#8243;][\/vc_column][\/vc_row][vc_row][vc_column][vc_btn title=\u00bbMe Interesa \u00bb style=\u00bbflat\u00bb shape=\u00bbsquare\u00bb color=\u00bbwarning\u00bb size=\u00bblg\u00bb align=\u00bbcenter\u00bb link=\u00bburl:https%3A%2F%2Fallamerican.travel%2Fguatemala%2Fcontacts%2F|title:CONT%C3%81CTANOS|\u00bb][vc_empty_space][\/vc_column][\/vc_row][vc_row][vc_column][\/vc_column][\/vc_row][vc_row][vc_column][\/vc_column][\/vc_row][vc_row][vc_column][\/vc_column][\/vc_row][vc_row][vc_column][\/vc_column][\/vc_row][vc_row][vc_column][\/vc_column][\/vc_row]<\/p>\n","protected":false},"excerpt":{"rendered":"<p>[vc_row][vc_column][vc_empty_space height=\u00bb40px\u00bb][\/vc_column][\/vc_row][vc_row equal_height=\u00bbyes\u00bb parallax=\u00bbcontent-moving-fade\u00bb][vc_column][vc_column_text]Dale un broche de oro a la comodidad de tu viaje con una renta de autos. Viaja tranquilo y sin preocupaciones en un veh\u00edculo moderno que m\u00e1s se adapte a tus necesidades: Econ\u00f3mico, deportivo, camioneta, 4&#215;4, entre otros. &nbsp; Si tienes que mobilizarte grandes distancias, una renta de autos es ideal para &#8230;<\/p>\n","protected":false},"author":1,"featured_media":0,"parent":0,"menu_order":0,"comment_status":"closed","ping_status":"closed","template":"","meta":[],"_links":{"self":[{"href":"https:\/\/allamerican.travel\/guatemala\/wp-json\/wp\/v2\/pages\/2950"}],"collection":[{"href":"https:\/\/allamerican.travel\/guatemala\/wp-json\/wp\/v2\/pages"}],"about":[{"href":"https:\/\/allamerican.travel\/guatemala\/wp-json\/wp\/v2\/types\/page"}],"author":[{"embeddable":true,"href":"https:\/\/allamerican.travel\/guatemala\/wp-json\/wp\/v2\/users\/1"}],"replies":[{"embeddable":true,"href":"https:\/\/allamerican.travel\/guatemala\/wp-json\/wp\/v2\/comments?post=2950"}],"version-history":[{"count":32,"href":"https:\/\/allamerican.travel\/guatemala\/wp-json\/wp\/v2\/pages\/2950\/revisions"}],"predecessor-version":[{"id":6516,"href":"https:\/\/allamerican.travel\/guatemala\/wp-json\/wp\/v2\/pages\/2950\/revisions\/6516"}],"wp:attachment":[{"href":"https:\/\/allamerican.travel\/guatemala\/wp-json\/wp\/v2\/media?parent=2950"}],"curies":[{"name":"wp","href":"https:\/\/api.w.org\/{rel}","templated":true}]}}