{"id":3024,"date":"2018-02-13T20:52:04","date_gmt":"2018-02-13T20:52:04","guid":{"rendered":"http:\/\/allamerican.travel\/guatemala\/allamerican\/?page_id=3024"},"modified":"2021-06-10T19:41:36","modified_gmt":"2021-06-11T01:41:36","slug":"asistencia-de-viajes","status":"publish","type":"page","link":"https:\/\/allamerican.travel\/guatemala\/asistencia-de-viajes\/","title":{"rendered":"ASISTENCIA DE VIAJES"},"content":{"rendered":"<p>[vc_row][vc_column][vc_empty_space height=\u00bb40px\u00bb][\/vc_column][\/vc_row][vc_row equal_height=\u00bbyes\u00bb][vc_column][vc_column_text]<\/p>\n<p style=\"text-align: justify;\">Realiza tus viajes internacionales de una forma segura y sin preocupaciones. Para disfrutar y conocer nuevos lugares, es importante estar tranquilo. En All American nos encargamos de ofrecerte las mejores opciones en Asistencia en Viaje Internacional. Contamos con 3 marcas con cobertura a nivel mundial: Qualitas Assitance, Universal Assistance y Assist Card, con las que puedes contar con muchos beneficios dependiendo el plan que se contrate.<\/p>\n<p>&nbsp;<\/p>\n<p>Nuestros planes ofrecen la nueva cobertura Covid-19 que te protege ante alg\u00fan imprevisto relacionado con la pandemia: Cobertura por cuarentenas obligatorias en hoteles, retraso de vuelos, atenci\u00f3n y medicinas, entre otros beneficios.<\/p>\n<p>&nbsp;<\/p>\n<p>\u00bfSab\u00edas que necesitas una asistencia de viajes de manera obligatoria para poder viajar a Europa? Pregunta por nuestras opciones econ\u00f3micas.[\/vc_column_text][vc_empty_space height=\u00bb55px\u00bb]<h2 style=\"color:#000000;\" class=\"  center\">PROMOCI\u00d3N DEL D\u00cdA<\/h2>[vc_empty_space][vc_single_image image=\u00bb6764&#8243; img_size=\u00bblarge\u00bb add_caption=\u00bbyes\u00bb alignment=\u00bbcenter\u00bb css=\u00bb.vc_custom_1623375225241{background-color: #f9f9f9 !important;}\u00bb][vc_column_text]<\/p>\n<p style=\"text-align: center;\">Viaja protegido durante todo tu viaje.<\/p>\n<p>[\/vc_column_text][\/vc_column][\/vc_row][vc_row equal_height=\u00bbyes\u00bb][vc_column width=\u00bb1\/3&#8243;][vc_column_text css=\u00bb.vc_custom_1521246896345{padding-top: 10px !important;padding-bottom: 10px !important;background-color: #3c9108 !important;}\u00bb]<\/p>\n<p style=\"text-align: center;\"><span style=\"color: #ffffff;\">QUALITAS ASISTANCE<\/span><\/p>\n<p>[\/vc_column_text][vc_single_image image=\u00bb6463&#8243; img_size=\u00bblarge\u00bb alignment=\u00bbcenter\u00bb style=\u00bbvc_box_rounded\u00bb][vc_column_text css=\u00bb.vc_custom_1521247120289{padding-top: 8px !important;padding-right: 8px !important;padding-bottom: 8px !important;padding-left: 8px !important;background-color: #f2f2f2 !important;}\u00bb]<\/p>\n<p style=\"text-align: justify;\">Viaja seguro desde el momento en que te encuentras en el aeropuerto. Con tu asistencia desde solo $2.75 por d\u00eda obtienes una cobertura ideal para viajes cortos.<\/p>\n<p>[\/vc_column_text][\/vc_column][vc_column width=\u00bb1\/3&#8243;][vc_column_text css=\u00bb.vc_custom_1521247133520{padding-top: 10px !important;padding-bottom: 10px !important;background-color: #3c9108 !important;}\u00bb]<\/p>\n<p style=\"text-align: center;\"><span style=\"color: #ffffff;\">ASSIST CARD<\/span><\/p>\n<p>[\/vc_column_text][vc_single_image image=\u00bb6465&#8243; img_size=\u00bblarge\u00bb alignment=\u00bbcenter\u00bb style=\u00bbvc_box_rounded\u00bb onclick=\u00bblink_image\u00bb css_animation=\u00bbappear\u00bb css=\u00bb.vc_custom_1561671815107{border-radius: 1px !important;}\u00bb][vc_column_text css=\u00bb.vc_custom_1521247234928{padding-top: 8px !important;padding-right: 8px !important;padding-bottom: 8px !important;padding-left: 8px !important;background-color: #f2f2f2 !important;}\u00bb]Si tu viaje es prolongado los planes de Assist Card son los ideales para ti por su amplia cobertura a un precio econ\u00f3mico. Planes ideales para estudiantes en el extranjero o viajes de trabajo.[\/vc_column_text][\/vc_column][vc_column width=\u00bb1\/3&#8243;][vc_column_text css=\u00bb.vc_custom_1521247133520{padding-top: 10px !important;padding-bottom: 10px !important;background-color: #3c9108 !important;}\u00bb]<\/p>\n<p style=\"text-align: center;\"><span style=\"color: #ffffff;\">ASSIST CARD<\/span><\/p>\n<p>[\/vc_column_text][vc_single_image image=\u00bb6765&#8243; img_size=\u00bblarge\u00bb alignment=\u00bbcenter\u00bb style=\u00bbvc_box_rounded\u00bb onclick=\u00bblink_image\u00bb css_animation=\u00bbappear\u00bb css=\u00bb.vc_custom_1623375646057{border-radius: 1px !important;}\u00bb][vc_column_text css=\u00bb.vc_custom_1623375694254{padding-top: 8px !important;padding-right: 8px !important;padding-bottom: 8px !important;padding-left: 8px !important;background-color: #f2f2f2 !important;}\u00bb]Universal Assitance ofrece m\u00faltiples opciones de asistencia de viajes dependiente el tipo de viaje: cortos, prolongados, de estudios, seg\u00fan destino, etc. La cobertura de edad hasta 70 a\u00f1os es una caracter\u00edstica fundamental para este servicio.[\/vc_column_text][\/vc_column][\/vc_row][vc_row][vc_column width=\u00bb1\/3&#8243;][\/vc_column][vc_column width=\u00bb1\/3&#8243;][\/vc_column][vc_column width=\u00bb1\/3&#8243;][\/vc_column][\/vc_row][vc_row][vc_column][vc_btn title=\u00bbMe Interesa \u00bb style=\u00bbflat\u00bb shape=\u00bbsquare\u00bb color=\u00bbwarning\u00bb size=\u00bblg\u00bb align=\u00bbcenter\u00bb link=\u00bburl:https%3A%2F%2Fallamerican.travel%2Fguatemala%2Fcontacts%2F|title:CONT%C3%81CTANOS|\u00bb][vc_empty_space][\/vc_column][\/vc_row][vc_row][vc_column][\/vc_column][\/vc_row][vc_row][vc_column][\/vc_column][\/vc_row][vc_row][vc_column][\/vc_column][\/vc_row][vc_row][vc_column][\/vc_column][\/vc_row][vc_row][vc_column][\/vc_column][\/vc_row]<\/p>\n","protected":false},"excerpt":{"rendered":"<p>[vc_row][vc_column][vc_empty_space height=\u00bb40px\u00bb][\/vc_column][\/vc_row][vc_row equal_height=\u00bbyes\u00bb][vc_column][vc_column_text] Realiza tus viajes internacionales de una forma segura y sin preocupaciones. Para disfrutar y conocer nuevos lugares, es importante estar tranquilo. En All American nos encargamos de ofrecerte las mejores opciones en Asistencia en Viaje Internacional. Contamos con 3 marcas con cobertura a nivel mundial: Qualitas Assitance, Universal Assistance y Assist Card, &#8230;<\/p>\n","protected":false},"author":1,"featured_media":0,"parent":0,"menu_order":0,"comment_status":"closed","ping_status":"closed","template":"","meta":[],"_links":{"self":[{"href":"https:\/\/allamerican.travel\/guatemala\/wp-json\/wp\/v2\/pages\/3024"}],"collection":[{"href":"https:\/\/allamerican.travel\/guatemala\/wp-json\/wp\/v2\/pages"}],"about":[{"href":"https:\/\/allamerican.travel\/guatemala\/wp-json\/wp\/v2\/types\/page"}],"author":[{"embeddable":true,"href":"https:\/\/allamerican.travel\/guatemala\/wp-json\/wp\/v2\/users\/1"}],"replies":[{"embeddable":true,"href":"https:\/\/allamerican.travel\/guatemala\/wp-json\/wp\/v2\/comments?post=3024"}],"version-history":[{"count":38,"href":"https:\/\/allamerican.travel\/guatemala\/wp-json\/wp\/v2\/pages\/3024\/revisions"}],"predecessor-version":[{"id":6767,"href":"https:\/\/allamerican.travel\/guatemala\/wp-json\/wp\/v2\/pages\/3024\/revisions\/6767"}],"wp:attachment":[{"href":"https:\/\/allamerican.travel\/guatemala\/wp-json\/wp\/v2\/media?parent=3024"}],"curies":[{"name":"wp","href":"https:\/\/api.w.org\/{rel}","templated":true}]}}