{"id":3480,"date":"2018-03-05T17:59:23","date_gmt":"2018-03-05T17:59:23","guid":{"rendered":"http:\/\/allamerican.travel\/guatemala\/allamerican\/?page_id=3480"},"modified":"2022-07-06T10:01:51","modified_gmt":"2022-07-06T16:01:51","slug":"paquetes-vacacionales","status":"publish","type":"page","link":"https:\/\/allamerican.travel\/guatemala\/paquetes-vacacionales\/","title":{"rendered":"PAQUETES VACACIONALES"},"content":{"rendered":"<p>[vc_row][vc_column][vc_empty_space height=\u00bb60px\u00bb][\/vc_column][\/vc_row][vc_row][vc_column width=\u00bb1\/3&#8243;]<div class=\"nicdark_masonry_container\">\n\n<!--start preview-->\n<div id=\"6865\" class=\"grid grid_12 percentage nicdark_masonry_item nicdark_padding10 nicdark_sizing\">\n    <div class=\"nicdark_archive1 nicdark_bg_white nicdark_border_grey nicdark_sizing \">\n\n\n        <!--start image-->\n        <div class=\"nicdark_focus nicdark_relative nicdark_fadeinout nicdark_overflow\">    \n\n            <img alt=\"\" class=\"nicdark_focus nicdark_zoom_image\" src=\"https:\/\/allamerican.travel\/guatemala\/wp-content\/uploads\/2021\/07\/panama_ciudad_canal_13_Mesa-de-trabajo-1-1024x576.jpg\">\n\n            \n            <!--price-->\n            <div class=\"nicdark_fadeout nicdark_absolute nicdark_height100percentage nicdark_width_percentage100\">  \n                <a href=\"https:\/\/allamerican.travel\/guatemala\/packages\/panama-ciudad-y-canal\/\" class=\"nicdark_btn nicdark_bg_yellow left white medium\">Desde $189<\/a>\n            <\/div>\n            <!--end price-->\n\n\n            <!--start content-->\n            <div class=\"nicdark_fadein nicdark_filter greydark nicdark_absolute nicdark_height100percentage nicdark_width_percentage100\">\n                <div class=\"nicdark_absolute nicdark_display_table nicdark_height100percentage nicdark_width_percentage100\">\n                    <div class=\"nicdark_cell nicdark_vertical_middle\">\n                        <a href=\"https:\/\/allamerican.travel\/guatemala\/packages\/panama-ciudad-y-canal\/\" class=\"nicdark_btn nicdark_border_white white medium\">INFO<\/a>\n                    <\/div>   \n                <\/div>   \n            <\/div>\n            <!--end content-->\n\n        <\/div>\n        <!--end image-->\n\n\n        <div class=\"nicdark_textevidence nicdark_bg_yellow\">\n            <h4 class=\"white nicdark_margin20\">PANAM\u00c1 CIUDAD Y CANAL<\/h4>\n        <\/div>\n\n\n        <div class=\"nicdark_focus nicdark_bg_greydark2\">\n            <div class=\"nicdark_bg_greydark nicdark_focus nicdark_padding1020 nicdark_sizing nicdark_width_percentage50\">\n                <p class=\"white\"><i class=\"icon-direction\"><\/i> Panam\u00e1 <\/p>\n            <\/div>\n            <div class=\"nicdark_focus nicdark_padding1020 nicdark_sizing nicdark_width_percentage50\">\n                <p class=\"white\"><i class=\"icon-info\"><\/i> Escapadas <\/p>\n            <\/div>\n        <\/div>\n        \n        <div class=\"nicdark_margin20\">\n            <p>Disfruta en estas vacaciones de la ciudad paname\u00f1a y todos sus destinos tur\u00edsticos. Haz un paseo por su casco viejo, cinta costera y el espectacular canal de Panam\u00e1<\/p>\n            <div class=\"nicdark_space20\"><\/div><a href=\"https:\/\/allamerican.travel\/guatemala\/packages\/panama-ciudad-y-canal\/\" class=\"nicdark_border_grey grey nicdark_btn nicdark_outline medium \">INFO<\/a>  \n        <\/div>\n\n    <\/div>\n<\/div>\n<!--end prev-->\n\n<\/div>[\/vc_column][vc_column width=\u00bb1\/3&#8243;]<div class=\"nicdark_masonry_container\">\n\n<!--start preview-->\n<div id=\"6869\" class=\"grid grid_12 percentage nicdark_masonry_item nicdark_padding10 nicdark_sizing\">\n    <div class=\"nicdark_archive1 nicdark_bg_white nicdark_border_grey nicdark_sizing \">\n\n\n        <!--start image-->\n        <div class=\"nicdark_focus nicdark_relative nicdark_fadeinout nicdark_overflow\">    \n\n            <img alt=\"\" class=\"nicdark_focus nicdark_zoom_image\" src=\"https:\/\/allamerican.travel\/guatemala\/wp-content\/uploads\/2021\/07\/cancun_10-01-1024x576.jpg\">\n\n            \n            <!--price-->\n            <div class=\"nicdark_fadeout nicdark_absolute nicdark_height100percentage nicdark_width_percentage100\">  \n                <a href=\"https:\/\/allamerican.travel\/guatemala\/packages\/cancun\/\" class=\"nicdark_btn nicdark_bg_yellow left white medium\">Desde $485<\/a>\n            <\/div>\n            <!--end price-->\n\n\n            <!--start content-->\n            <div class=\"nicdark_fadein nicdark_filter greydark nicdark_absolute nicdark_height100percentage nicdark_width_percentage100\">\n                <div class=\"nicdark_absolute nicdark_display_table nicdark_height100percentage nicdark_width_percentage100\">\n                    <div class=\"nicdark_cell nicdark_vertical_middle\">\n                        <a href=\"https:\/\/allamerican.travel\/guatemala\/packages\/cancun\/\" class=\"nicdark_btn nicdark_border_white white medium\">INFO<\/a>\n                    <\/div>   \n                <\/div>   \n            <\/div>\n            <!--end content-->\n\n        <\/div>\n        <!--end image-->\n\n\n        <div class=\"nicdark_textevidence nicdark_bg_yellow\">\n            <h4 class=\"white nicdark_margin20\">CANC\u00daN<\/h4>\n        <\/div>\n\n\n        <div class=\"nicdark_focus nicdark_bg_greydark2\">\n            <div class=\"nicdark_bg_greydark nicdark_focus nicdark_padding1020 nicdark_sizing nicdark_width_percentage50\">\n                <p class=\"white\"><i class=\"icon-direction\"><\/i> M\u00e9xico <\/p>\n            <\/div>\n            <div class=\"nicdark_focus nicdark_padding1020 nicdark_sizing nicdark_width_percentage50\">\n                <p class=\"white\"><i class=\"icon-info\"><\/i> Escapadas <\/p>\n            <\/div>\n        <\/div>\n        \n        <div class=\"nicdark_margin20\">\n            <p>CANC\u00daN te invita a que descubras y disfrutes este maravilloso destino con sus aguas de color turquesa, monumentos, arena, sol y playa que enamoran a cualquiera.<\/p>\n            <div class=\"nicdark_space20\"><\/div><a href=\"https:\/\/allamerican.travel\/guatemala\/packages\/cancun\/\" class=\"nicdark_border_grey grey nicdark_btn nicdark_outline medium \">INFO<\/a>  \n        <\/div>\n\n    <\/div>\n<\/div>\n<!--end prev-->\n\n<\/div>[\/vc_column][vc_column width=\u00bb1\/3&#8243;]<div class=\"nicdark_masonry_container\">\n\n<!--start preview-->\n<div id=\"6873\" class=\"grid grid_12 percentage nicdark_masonry_item nicdark_padding10 nicdark_sizing\">\n    <div class=\"nicdark_archive1 nicdark_bg_white nicdark_border_grey nicdark_sizing \">\n\n\n        <!--start image-->\n        <div class=\"nicdark_focus nicdark_relative nicdark_fadeinout nicdark_overflow\">    \n\n            <img alt=\"\" class=\"nicdark_focus nicdark_zoom_image\" src=\"https:\/\/allamerican.travel\/guatemala\/wp-content\/uploads\/2021\/07\/machu_picchu_2_Mesa-de-trabajo-1-1024x576.jpg\">\n\n            \n            <!--price-->\n            <div class=\"nicdark_fadeout nicdark_absolute nicdark_height100percentage nicdark_width_percentage100\">  \n                <a href=\"https:\/\/allamerican.travel\/guatemala\/packages\/lima-y-machu-picchu-2\/\" class=\"nicdark_btn nicdark_bg_yellow left white medium\">Desde $754<\/a>\n            <\/div>\n            <!--end price-->\n\n\n            <!--start content-->\n            <div class=\"nicdark_fadein nicdark_filter greydark nicdark_absolute nicdark_height100percentage nicdark_width_percentage100\">\n                <div class=\"nicdark_absolute nicdark_display_table nicdark_height100percentage nicdark_width_percentage100\">\n                    <div class=\"nicdark_cell nicdark_vertical_middle\">\n                        <a href=\"https:\/\/allamerican.travel\/guatemala\/packages\/lima-y-machu-picchu-2\/\" class=\"nicdark_btn nicdark_border_white white medium\">MORE INFO<\/a>\n                    <\/div>   \n                <\/div>   \n            <\/div>\n            <!--end content-->\n\n        <\/div>\n        <!--end image-->\n\n\n        <div class=\"nicdark_textevidence nicdark_bg_yellow\">\n            <h4 class=\"white nicdark_margin20\">LIMA Y MACHU PICCHU<\/h4>\n        <\/div>\n\n\n        <div class=\"nicdark_focus nicdark_bg_greydark2\">\n            <div class=\"nicdark_bg_greydark nicdark_focus nicdark_padding1020 nicdark_sizing nicdark_width_percentage50\">\n                <p class=\"white\"><i class=\"icon-direction\"><\/i> Lima <\/p>\n            <\/div>\n            <div class=\"nicdark_focus nicdark_padding1020 nicdark_sizing nicdark_width_percentage50\">\n                <p class=\"white\"><i class=\"icon-info\"><\/i> Escapadas <\/p>\n            <\/div>\n        <\/div>\n        \n        <div class=\"nicdark_margin20\">\n            <p>Visita Cusco , Machu Picchu y Valle Sagrado descubre toda la Historia que estos lugares pueden ofrecerte. Uno de los destinos m\u00e1s visitados por el mundo.<\/p>\n            <div class=\"nicdark_space20\"><\/div><a href=\"https:\/\/allamerican.travel\/guatemala\/packages\/lima-y-machu-picchu-2\/\" class=\"nicdark_border_grey grey nicdark_btn nicdark_outline medium \">MORE INFO<\/a>  \n        <\/div>\n\n    <\/div>\n<\/div>\n<!--end prev-->\n\n<\/div>[\/vc_column][\/vc_row][vc_row][vc_column width=\u00bb1\/3&#8243;]<div class=\"nicdark_masonry_container\">\n\n<!--start preview-->\n<div id=\"6879\" class=\"grid grid_12 percentage nicdark_masonry_item nicdark_padding10 nicdark_sizing\">\n    <div class=\"nicdark_archive1 nicdark_bg_white nicdark_border_grey nicdark_sizing \">\n\n\n        <!--start image-->\n        <div class=\"nicdark_focus nicdark_relative nicdark_fadeinout nicdark_overflow\">    \n\n            <img alt=\"\" class=\"nicdark_focus nicdark_zoom_image\" src=\"https:\/\/allamerican.travel\/guatemala\/wp-content\/uploads\/2021\/07\/Paquete_Mexico_10_Mesa-de-trabajo-1-1024x576.jpg\">\n\n            \n            <!--price-->\n            <div class=\"nicdark_fadeout nicdark_absolute nicdark_height100percentage nicdark_width_percentage100\">  \n                <a href=\"https:\/\/allamerican.travel\/guatemala\/packages\/ciudad-de-mexico-2\/\" class=\"nicdark_btn nicdark_bg_yellow left white medium\">Desde $181<\/a>\n            <\/div>\n            <!--end price-->\n\n\n            <!--start content-->\n            <div class=\"nicdark_fadein nicdark_filter greydark nicdark_absolute nicdark_height100percentage nicdark_width_percentage100\">\n                <div class=\"nicdark_absolute nicdark_display_table nicdark_height100percentage nicdark_width_percentage100\">\n                    <div class=\"nicdark_cell nicdark_vertical_middle\">\n                        <a href=\"https:\/\/allamerican.travel\/guatemala\/packages\/ciudad-de-mexico-2\/\" class=\"nicdark_btn nicdark_border_white white medium\">INFO <\/a>\n                    <\/div>   \n                <\/div>   \n            <\/div>\n            <!--end content-->\n\n        <\/div>\n        <!--end image-->\n\n\n        <div class=\"nicdark_textevidence nicdark_bg_yellow\">\n            <h4 class=\"white nicdark_margin20\">CIUDAD DE M\u00c9XICO<\/h4>\n        <\/div>\n\n\n        <div class=\"nicdark_focus nicdark_bg_greydark2\">\n            <div class=\"nicdark_bg_greydark nicdark_focus nicdark_padding1020 nicdark_sizing nicdark_width_percentage50\">\n                <p class=\"white\"><i class=\"icon-direction\"><\/i> M\u00e9xico <\/p>\n            <\/div>\n            <div class=\"nicdark_focus nicdark_padding1020 nicdark_sizing nicdark_width_percentage50\">\n                <p class=\"white\"><i class=\"icon-info\"><\/i> Escapadas <\/p>\n            <\/div>\n        <\/div>\n        \n        <div class=\"nicdark_margin20\">\n            <p>Descubre la capital de M\u00e9xico y ll\u00e9nate de toda su historia, cultura y gastronom\u00eda exclusiva del pa\u00eds mexicano. Conoce el Z\u00f3calo, la Bas\u00edlica de Guadalupe, Xochimilco y muchos destinos m\u00e1s.<\/p>\n            <div class=\"nicdark_space20\"><\/div><a href=\"https:\/\/allamerican.travel\/guatemala\/packages\/ciudad-de-mexico-2\/\" class=\"nicdark_border_grey grey nicdark_btn nicdark_outline medium \">INFO <\/a>  \n        <\/div>\n\n    <\/div>\n<\/div>\n<!--end prev-->\n\n<\/div>[\/vc_column][vc_column width=\u00bb1\/3&#8243;]<div class=\"nicdark_masonry_container\">\n\n<!--start preview-->\n<div id=\"6883\" class=\"grid grid_12 percentage nicdark_masonry_item nicdark_padding10 nicdark_sizing\">\n    <div class=\"nicdark_archive1 nicdark_bg_white nicdark_border_grey nicdark_sizing \">\n\n\n        <!--start image-->\n        <div class=\"nicdark_focus nicdark_relative nicdark_fadeinout nicdark_overflow\">    \n\n            <img alt=\"\" class=\"nicdark_focus nicdark_zoom_image\" src=\"https:\/\/allamerican.travel\/guatemala\/wp-content\/uploads\/2021\/07\/Punta_Cana_01_Mesa-de-trabajo-1-1024x576.jpg\">\n\n            \n            <!--price-->\n            <div class=\"nicdark_fadeout nicdark_absolute nicdark_height100percentage nicdark_width_percentage100\">  \n                <a href=\"https:\/\/allamerican.travel\/guatemala\/packages\/punta-cana-2\/\" class=\"nicdark_btn nicdark_bg_yellow left white medium\">Desde $207<\/a>\n            <\/div>\n            <!--end price-->\n\n\n            <!--start content-->\n            <div class=\"nicdark_fadein nicdark_filter greydark nicdark_absolute nicdark_height100percentage nicdark_width_percentage100\">\n                <div class=\"nicdark_absolute nicdark_display_table nicdark_height100percentage nicdark_width_percentage100\">\n                    <div class=\"nicdark_cell nicdark_vertical_middle\">\n                        <a href=\"https:\/\/allamerican.travel\/guatemala\/packages\/punta-cana-2\/\" class=\"nicdark_btn nicdark_border_white white medium\">INFO <\/a>\n                    <\/div>   \n                <\/div>   \n            <\/div>\n            <!--end content-->\n\n        <\/div>\n        <!--end image-->\n\n\n        <div class=\"nicdark_textevidence nicdark_bg_yellow\">\n            <h4 class=\"white nicdark_margin20\">PUNTA CANA<\/h4>\n        <\/div>\n\n\n        <div class=\"nicdark_focus nicdark_bg_greydark2\">\n            <div class=\"nicdark_bg_greydark nicdark_focus nicdark_padding1020 nicdark_sizing nicdark_width_percentage50\">\n                <p class=\"white\"><i class=\"icon-direction\"><\/i> R. Dominicana <\/p>\n            <\/div>\n            <div class=\"nicdark_focus nicdark_padding1020 nicdark_sizing nicdark_width_percentage50\">\n                <p class=\"white\"><i class=\"icon-info\"><\/i> Escapadas <\/p>\n            <\/div>\n        <\/div>\n        \n        <div class=\"nicdark_margin20\">\n            <p>Disfruta estas vacaciones agostinas en uno de los principales destinos tur\u00edsticos del caribe: Punta Cana. La playa m\u00e1s visitada de toda Rep\u00fablica Dominicana te espera.<\/p>\n            <div class=\"nicdark_space20\"><\/div><a href=\"https:\/\/allamerican.travel\/guatemala\/packages\/punta-cana-2\/\" class=\"nicdark_border_grey grey nicdark_btn nicdark_outline medium \">INFO <\/a>  \n        <\/div>\n\n    <\/div>\n<\/div>\n<!--end prev-->\n\n<\/div>[\/vc_column][vc_column width=\u00bb1\/3&#8243;]<div class=\"nicdark_masonry_container\">\n\n<!--start preview-->\n<div id=\"6889\" class=\"grid grid_12 percentage nicdark_masonry_item nicdark_padding10 nicdark_sizing\">\n    <div class=\"nicdark_archive1 nicdark_bg_white nicdark_border_grey nicdark_sizing \">\n\n\n        <!--start image-->\n        <div class=\"nicdark_focus nicdark_relative nicdark_fadeinout nicdark_overflow\">    \n\n            <img alt=\"\" class=\"nicdark_focus nicdark_zoom_image\" src=\"https:\/\/allamerican.travel\/guatemala\/wp-content\/uploads\/2021\/07\/bogota_11-01-1024x576.jpg\">\n\n            \n            <!--price-->\n            <div class=\"nicdark_fadeout nicdark_absolute nicdark_height100percentage nicdark_width_percentage100\">  \n                <a href=\"https:\/\/allamerican.travel\/guatemala\/packages\/bogota\/\" class=\"nicdark_btn nicdark_bg_yellow left white medium\">Desde $294<\/a>\n            <\/div>\n            <!--end price-->\n\n\n            <!--start content-->\n            <div class=\"nicdark_fadein nicdark_filter greydark nicdark_absolute nicdark_height100percentage nicdark_width_percentage100\">\n                <div class=\"nicdark_absolute nicdark_display_table nicdark_height100percentage nicdark_width_percentage100\">\n                    <div class=\"nicdark_cell nicdark_vertical_middle\">\n                        <a href=\"https:\/\/allamerican.travel\/guatemala\/packages\/bogota\/\" class=\"nicdark_btn nicdark_border_white white medium\">INFO <\/a>\n                    <\/div>   \n                <\/div>   \n            <\/div>\n            <!--end content-->\n\n        <\/div>\n        <!--end image-->\n\n\n        <div class=\"nicdark_textevidence nicdark_bg_yellow\">\n            <h4 class=\"white nicdark_margin20\">BOGOT\u00c1<\/h4>\n        <\/div>\n\n\n        <div class=\"nicdark_focus nicdark_bg_greydark2\">\n            <div class=\"nicdark_bg_greydark nicdark_focus nicdark_padding1020 nicdark_sizing nicdark_width_percentage50\">\n                <p class=\"white\"><i class=\"icon-direction\"><\/i> Colombia <\/p>\n            <\/div>\n            <div class=\"nicdark_focus nicdark_padding1020 nicdark_sizing nicdark_width_percentage50\">\n                <p class=\"white\"><i class=\"icon-info\"><\/i> Escapadas <\/p>\n            <\/div>\n        <\/div>\n        \n        <div class=\"nicdark_margin20\">\n            <p>Bogot\u00e1, una ciudad espectacular que te invita a que disfrutes su clima, su gastronom\u00eda y sus paisajes verdes. Disfruta el centro hist\u00f3rico y cultural de Bogot\u00e1, el cerro Monserrate y la Catedral de sal.<\/p>\n            <div class=\"nicdark_space20\"><\/div><a href=\"https:\/\/allamerican.travel\/guatemala\/packages\/bogota\/\" class=\"nicdark_border_grey grey nicdark_btn nicdark_outline medium \">INFO <\/a>  \n        <\/div>\n\n    <\/div>\n<\/div>\n<!--end prev-->\n\n<\/div>[\/vc_column][\/vc_row][vc_row][vc_column width=\u00bb1\/3&#8243;]<div class=\"nicdark_masonry_container\">\n\n<!--start preview-->\n<div id=\"6896\" class=\"grid grid_12 percentage nicdark_masonry_item nicdark_padding10 nicdark_sizing\">\n    <div class=\"nicdark_archive1 nicdark_bg_white nicdark_border_grey nicdark_sizing \">\n\n\n        <!--start image-->\n        <div class=\"nicdark_focus nicdark_relative nicdark_fadeinout nicdark_overflow\">    \n\n            <img alt=\"\" class=\"nicdark_focus nicdark_zoom_image\" src=\"https:\/\/allamerican.travel\/guatemala\/wp-content\/uploads\/2021\/07\/Roatan_agosto_06-01-1024x576.jpg\">\n\n            \n            <!--price-->\n            <div class=\"nicdark_fadeout nicdark_absolute nicdark_height100percentage nicdark_width_percentage100\">  \n                <a href=\"https:\/\/allamerican.travel\/guatemala\/packages\/roatan\/\" class=\"nicdark_btn nicdark_bg_yellow left white medium\">Desde $599<\/a>\n            <\/div>\n            <!--end price-->\n\n\n            <!--start content-->\n            <div class=\"nicdark_fadein nicdark_filter greydark nicdark_absolute nicdark_height100percentage nicdark_width_percentage100\">\n                <div class=\"nicdark_absolute nicdark_display_table nicdark_height100percentage nicdark_width_percentage100\">\n                    <div class=\"nicdark_cell nicdark_vertical_middle\">\n                        <a href=\"https:\/\/allamerican.travel\/guatemala\/packages\/roatan\/\" class=\"nicdark_btn nicdark_border_white white medium\">INFO <\/a>\n                    <\/div>   \n                <\/div>   \n            <\/div>\n            <!--end content-->\n\n        <\/div>\n        <!--end image-->\n\n\n        <div class=\"nicdark_textevidence nicdark_bg_yellow\">\n            <h4 class=\"white nicdark_margin20\">ROAT\u00c1N<\/h4>\n        <\/div>\n\n\n        <div class=\"nicdark_focus nicdark_bg_greydark2\">\n            <div class=\"nicdark_bg_greydark nicdark_focus nicdark_padding1020 nicdark_sizing nicdark_width_percentage50\">\n                <p class=\"white\"><i class=\"icon-direction\"><\/i> Roat\u00e1n <\/p>\n            <\/div>\n            <div class=\"nicdark_focus nicdark_padding1020 nicdark_sizing nicdark_width_percentage50\">\n                <p class=\"white\"><i class=\"icon-info\"><\/i> Escapadas <\/p>\n            <\/div>\n        <\/div>\n        \n        <div class=\"nicdark_margin20\">\n            <p>Nuestro paquete a Roat\u00e1n es ideal para darle un break a la rutina. Disfruta con sus playas hermosas, snorkel y delfines.<\/p>\n            <div class=\"nicdark_space20\"><\/div><a href=\"https:\/\/allamerican.travel\/guatemala\/packages\/roatan\/\" class=\"nicdark_border_grey grey nicdark_btn nicdark_outline medium \">INFO <\/a>  \n        <\/div>\n\n    <\/div>\n<\/div>\n<!--end prev-->\n\n<\/div>[\/vc_column][vc_column width=\u00bb1\/3&#8243;]<div class=\"nicdark_masonry_container\">\n\n<!--start preview-->\n<div id=\"6905\" class=\"grid grid_12 percentage nicdark_masonry_item nicdark_padding10 nicdark_sizing\">\n    <div class=\"nicdark_archive1 nicdark_bg_white nicdark_border_grey nicdark_sizing \">\n\n\n        <!--start image-->\n        <div class=\"nicdark_focus nicdark_relative nicdark_fadeinout nicdark_overflow\">    \n\n            <img alt=\"\" class=\"nicdark_focus nicdark_zoom_image\" src=\"https:\/\/allamerican.travel\/guatemala\/wp-content\/uploads\/2021\/07\/cartagena_vacaciones_01-01-1024x576.jpg\">\n\n            \n            <!--price-->\n            <div class=\"nicdark_fadeout nicdark_absolute nicdark_height100percentage nicdark_width_percentage100\">  \n                <a href=\"https:\/\/allamerican.travel\/guatemala\/packages\/cartagena\/\" class=\"nicdark_btn nicdark_bg_yellow left white medium\">Desde $231<\/a>\n            <\/div>\n            <!--end price-->\n\n\n            <!--start content-->\n            <div class=\"nicdark_fadein nicdark_filter greydark nicdark_absolute nicdark_height100percentage nicdark_width_percentage100\">\n                <div class=\"nicdark_absolute nicdark_display_table nicdark_height100percentage nicdark_width_percentage100\">\n                    <div class=\"nicdark_cell nicdark_vertical_middle\">\n                        <a href=\"https:\/\/allamerican.travel\/guatemala\/packages\/cartagena\/\" class=\"nicdark_btn nicdark_border_white white medium\">INFO <\/a>\n                    <\/div>   \n                <\/div>   \n            <\/div>\n            <!--end content-->\n\n        <\/div>\n        <!--end image-->\n\n\n        <div class=\"nicdark_textevidence nicdark_bg_yellow\">\n            <h4 class=\"white nicdark_margin20\">CARTAGENA<\/h4>\n        <\/div>\n\n\n        <div class=\"nicdark_focus nicdark_bg_greydark2\">\n            <div class=\"nicdark_bg_greydark nicdark_focus nicdark_padding1020 nicdark_sizing nicdark_width_percentage50\">\n                <p class=\"white\"><i class=\"icon-direction\"><\/i> Cartagena <\/p>\n            <\/div>\n            <div class=\"nicdark_focus nicdark_padding1020 nicdark_sizing nicdark_width_percentage50\">\n                <p class=\"white\"><i class=\"icon-info\"><\/i> Escapadas <\/p>\n            <\/div>\n        <\/div>\n        \n        <div class=\"nicdark_margin20\">\n            <p>Enam\u00f3rate de la ciudad amurallada de Cartagena y vive unas vacaciones diferentes en la ciudad Colombiana. Conoce la Torre del Reloj, la Catedral de San Pedro y m\u00e1s.<\/p>\n            <div class=\"nicdark_space20\"><\/div><a href=\"https:\/\/allamerican.travel\/guatemala\/packages\/cartagena\/\" class=\"nicdark_border_grey grey nicdark_btn nicdark_outline medium \">INFO <\/a>  \n        <\/div>\n\n    <\/div>\n<\/div>\n<!--end prev-->\n\n<\/div>[\/vc_column][vc_column width=\u00bb1\/3&#8243;][\/vc_column][\/vc_row][vc_row][vc_column width=\u00bb1\/3&#8243;][\/vc_column][vc_column width=\u00bb1\/3&#8243;][\/vc_column][\/vc_row][vc_row][vc_column width=\u00bb1\/3&#8243;][\/vc_column][vc_column width=\u00bb1\/3&#8243;][\/vc_column][\/vc_row]<\/p>\n","protected":false},"excerpt":{"rendered":"<p>[vc_row][vc_column][vc_empty_space height=\u00bb60px\u00bb][\/vc_column][\/vc_row][vc_row][vc_column width=\u00bb1\/3&#8243;][\/vc_column][vc_column width=\u00bb1\/3&#8243;][\/vc_column][vc_column width=\u00bb1\/3&#8243;][\/vc_column][\/vc_row][vc_row][vc_column width=\u00bb1\/3&#8243;][\/vc_column][vc_column width=\u00bb1\/3&#8243;][\/vc_column][vc_column width=\u00bb1\/3&#8243;][\/vc_column][\/vc_row][vc_row][vc_column width=\u00bb1\/3&#8243;][\/vc_column][vc_column width=\u00bb1\/3&#8243;][\/vc_column][vc_column width=\u00bb1\/3&#8243;][\/vc_column][\/vc_row][vc_row][vc_column width=\u00bb1\/3&#8243;][\/vc_column][vc_column width=\u00bb1\/3&#8243;][\/vc_column][\/vc_row][vc_row][vc_column width=\u00bb1\/3&#8243;][\/vc_column][vc_column width=\u00bb1\/3&#8243;][\/vc_column][\/vc_row]<\/p>\n","protected":false},"author":1,"featured_media":0,"parent":0,"menu_order":0,"comment_status":"closed","ping_status":"closed","template":"","meta":[],"_links":{"self":[{"href":"https:\/\/allamerican.travel\/guatemala\/wp-json\/wp\/v2\/pages\/3480"}],"collection":[{"href":"https:\/\/allamerican.travel\/guatemala\/wp-json\/wp\/v2\/pages"}],"about":[{"href":"https:\/\/allamerican.travel\/guatemala\/wp-json\/wp\/v2\/types\/page"}],"author":[{"embeddable":true,"href":"https:\/\/allamerican.travel\/guatemala\/wp-json\/wp\/v2\/users\/1"}],"replies":[{"embeddable":true,"href":"https:\/\/allamerican.travel\/guatemala\/wp-json\/wp\/v2\/comments?post=3480"}],"version-history":[{"count":89,"href":"https:\/\/allamerican.travel\/guatemala\/wp-json\/wp\/v2\/pages\/3480\/revisions"}],"predecessor-version":[{"id":6952,"href":"https:\/\/allamerican.travel\/guatemala\/wp-json\/wp\/v2\/pages\/3480\/revisions\/6952"}],"wp:attachment":[{"href":"https:\/\/allamerican.travel\/guatemala\/wp-json\/wp\/v2\/media?parent=3480"}],"curies":[{"name":"wp","href":"https:\/\/api.w.org\/{rel}","templated":true}]}}