{"id":2675,"date":"2018-02-08T20:29:05","date_gmt":"2018-02-08T20:29:05","guid":{"rendered":"http:\/\/allamerican.travel\/honduras\/allamerican\/?page_id=2675"},"modified":"2021-07-02T15:42:28","modified_gmt":"2021-07-02T21:42:28","slug":"circuitos-a-europa","status":"publish","type":"page","link":"https:\/\/allamerican.travel\/honduras\/circuitos-a-europa\/","title":{"rendered":"CIRCUITOS EUROPA"},"content":{"rendered":"<p>[vc_row][vc_column][vc_empty_space height=\u00bb60px\u00bb][\/vc_column][\/vc_row][vc_row][vc_column width=\u00bb1\/3&#8243;]<div class=\"nicdark_masonry_container\">\n\n<!--start preview-->\n<div id=\"6577\" class=\"grid grid_12 percentage nicdark_masonry_item nicdark_padding10 nicdark_sizing\">\n    <div class=\"nicdark_archive1 nicdark_bg_white nicdark_border_grey nicdark_sizing \">\n\n\n        <!--start image-->\n        <div class=\"nicdark_focus nicdark_relative nicdark_fadeinout nicdark_overflow\">    \n\n            <img alt=\"\" class=\"nicdark_focus nicdark_zoom_image\" src=\"https:\/\/allamerican.travel\/honduras\/wp-content\/uploads\/2021\/07\/circuito_europa_low_cost_01-01-1024x576.jpg\">\n\n            \n            <!--price-->\n            <div class=\"nicdark_fadeout nicdark_absolute nicdark_height100percentage nicdark_width_percentage100\">  \n                <a href=\"https:\/\/allamerican.travel\/honduras\/packages\/madrid-y-andalucia\/\" class=\"nicdark_btn nicdark_bg_yellow left white medium\">Desde  $954<\/a>\n            <\/div>\n            <!--end price-->\n\n\n            <!--start content-->\n            <div class=\"nicdark_fadein nicdark_filter greydark nicdark_absolute nicdark_height100percentage nicdark_width_percentage100\">\n                <div class=\"nicdark_absolute nicdark_display_table nicdark_height100percentage nicdark_width_percentage100\">\n                    <div class=\"nicdark_cell nicdark_vertical_middle\">\n                        <a href=\"https:\/\/allamerican.travel\/honduras\/packages\/madrid-y-andalucia\/\" class=\"nicdark_btn nicdark_border_white white medium\">INFO<\/a>\n                    <\/div>   \n                <\/div>   \n            <\/div>\n            <!--end content-->\n\n        <\/div>\n        <!--end image-->\n\n\n        <div class=\"nicdark_textevidence nicdark_bg_yellow\">\n            <h4 class=\"white nicdark_margin20\">MADRID Y ANDALUC\u00cdA<\/h4>\n        <\/div>\n\n\n        <div class=\"nicdark_focus nicdark_bg_greydark2\">\n            <div class=\"nicdark_bg_greydark nicdark_focus nicdark_padding1020 nicdark_sizing nicdark_width_percentage50\">\n                <p class=\"white\"><i class=\"icon-direction\"><\/i> Espa\u00f1a <\/p>\n            <\/div>\n            <div class=\"nicdark_focus nicdark_padding1020 nicdark_sizing nicdark_width_percentage50\">\n                <p class=\"white\"><i class=\"icon-info\"><\/i> Circuito Europa <\/p>\n            <\/div>\n        <\/div>\n        \n        <div class=\"nicdark_margin20\">\n            <p>Recorre el pa\u00eds espa\u00f1ol iniciando por su capital y luego adentr\u00e1ndose por la bella regi\u00f3n de Andaluc\u00eda conociendo ciudades como Sevilla, Granada y m\u00e1s.<\/p>\n            <div class=\"nicdark_space20\"><\/div><a href=\"https:\/\/allamerican.travel\/honduras\/packages\/madrid-y-andalucia\/\" class=\"nicdark_border_grey grey nicdark_btn nicdark_outline medium \">INFO<\/a>  \n        <\/div>\n\n    <\/div>\n<\/div>\n<!--end prev-->\n\n<\/div>[\/vc_column][vc_column width=\u00bb1\/3&#8243;]<div class=\"nicdark_masonry_container\">\n\n<!--start preview-->\n<div id=\"6583\" class=\"grid grid_12 percentage nicdark_masonry_item nicdark_padding10 nicdark_sizing\">\n    <div class=\"nicdark_archive1 nicdark_bg_white nicdark_border_grey nicdark_sizing \">\n\n\n        <!--start image-->\n        <div class=\"nicdark_focus nicdark_relative nicdark_fadeinout nicdark_overflow\">    \n\n            <img alt=\"\" class=\"nicdark_focus nicdark_zoom_image\" src=\"https:\/\/allamerican.travel\/honduras\/wp-content\/uploads\/2021\/07\/Circuito_Italia_Completo_09_Mesa-de-trabajo-1-1024x576.jpg\">\n\n            \n            <!--price-->\n            <div class=\"nicdark_fadeout nicdark_absolute nicdark_height100percentage nicdark_width_percentage100\">  \n                <a href=\"https:\/\/allamerican.travel\/honduras\/packages\/italia-completo\/\" class=\"nicdark_btn nicdark_bg_yellow left white medium\">Desde $728<\/a>\n            <\/div>\n            <!--end price-->\n\n\n            <!--start content-->\n            <div class=\"nicdark_fadein nicdark_filter greydark nicdark_absolute nicdark_height100percentage nicdark_width_percentage100\">\n                <div class=\"nicdark_absolute nicdark_display_table nicdark_height100percentage nicdark_width_percentage100\">\n                    <div class=\"nicdark_cell nicdark_vertical_middle\">\n                        <a href=\"https:\/\/allamerican.travel\/honduras\/packages\/italia-completo\/\" class=\"nicdark_btn nicdark_border_white white medium\">INFO<\/a>\n                    <\/div>   \n                <\/div>   \n            <\/div>\n            <!--end content-->\n\n        <\/div>\n        <!--end image-->\n\n\n        <div class=\"nicdark_textevidence nicdark_bg_yellow\">\n            <h4 class=\"white nicdark_margin20\">ITALIA COMPLETO<\/h4>\n        <\/div>\n\n\n        <div class=\"nicdark_focus nicdark_bg_greydark2\">\n            <div class=\"nicdark_bg_greydark nicdark_focus nicdark_padding1020 nicdark_sizing nicdark_width_percentage50\">\n                <p class=\"white\"><i class=\"icon-direction\"><\/i> Italia <\/p>\n            <\/div>\n            <div class=\"nicdark_focus nicdark_padding1020 nicdark_sizing nicdark_width_percentage50\">\n                <p class=\"white\"><i class=\"icon-info\"><\/i> Circuito Europa <\/p>\n            <\/div>\n        <\/div>\n        \n        <div class=\"nicdark_margin20\">\n            <p>Conoce cuatro de las ciudades m\u00e1s emblem\u00e1ticas de Italia. Pizza, g\u00f3ndolas y romance te esperan en este circuito por la \u201cbelleza Italia\u201d.<\/p>\n            <div class=\"nicdark_space20\"><\/div><a href=\"https:\/\/allamerican.travel\/honduras\/packages\/italia-completo\/\" class=\"nicdark_border_grey grey nicdark_btn nicdark_outline medium \">INFO<\/a>  \n        <\/div>\n\n    <\/div>\n<\/div>\n<!--end prev-->\n\n<\/div>[\/vc_column][vc_column width=\u00bb1\/3&#8243;]<div class=\"nicdark_masonry_container\">\n\n<!--start preview-->\n<div id=\"6587\" class=\"grid grid_12 percentage nicdark_masonry_item nicdark_padding10 nicdark_sizing\">\n    <div class=\"nicdark_archive1 nicdark_bg_white nicdark_border_grey nicdark_sizing \">\n\n\n        <!--start image-->\n        <div class=\"nicdark_focus nicdark_relative nicdark_fadeinout nicdark_overflow\">    \n\n            <img alt=\"\" class=\"nicdark_focus nicdark_zoom_image\" src=\"https:\/\/allamerican.travel\/honduras\/wp-content\/uploads\/2021\/07\/Circuito_Turquia_Magica_07_Mesa-de-trabajo-1-1024x576.jpg\">\n\n            \n            <!--price-->\n            <div class=\"nicdark_fadeout nicdark_absolute nicdark_height100percentage nicdark_width_percentage100\">  \n                <a href=\"https:\/\/allamerican.travel\/honduras\/packages\/turquia-magica\/\" class=\"nicdark_btn nicdark_bg_yellow left white medium\">Desde $455<\/a>\n            <\/div>\n            <!--end price-->\n\n\n            <!--start content-->\n            <div class=\"nicdark_fadein nicdark_filter greydark nicdark_absolute nicdark_height100percentage nicdark_width_percentage100\">\n                <div class=\"nicdark_absolute nicdark_display_table nicdark_height100percentage nicdark_width_percentage100\">\n                    <div class=\"nicdark_cell nicdark_vertical_middle\">\n                        <a href=\"https:\/\/allamerican.travel\/honduras\/packages\/turquia-magica\/\" class=\"nicdark_btn nicdark_border_white white medium\">INFO <\/a>\n                    <\/div>   \n                <\/div>   \n            <\/div>\n            <!--end content-->\n\n        <\/div>\n        <!--end image-->\n\n\n        <div class=\"nicdark_textevidence nicdark_bg_yellow\">\n            <h4 class=\"white nicdark_margin20\">TURQU\u00cdA M\u00c1GICA<\/h4>\n        <\/div>\n\n\n        <div class=\"nicdark_focus nicdark_bg_greydark2\">\n            <div class=\"nicdark_bg_greydark nicdark_focus nicdark_padding1020 nicdark_sizing nicdark_width_percentage50\">\n                <p class=\"white\"><i class=\"icon-direction\"><\/i> Europa <\/p>\n            <\/div>\n            <div class=\"nicdark_focus nicdark_padding1020 nicdark_sizing nicdark_width_percentage50\">\n                <p class=\"white\"><i class=\"icon-info\"><\/i> Circuito Europa <\/p>\n            <\/div>\n        <\/div>\n        \n        <div class=\"nicdark_margin20\">\n            <p>Un pa\u00eds m\u00e1gico. Conoce Turqu\u00eda con sus principales atractivos tur\u00edsticos: Antalya, Capadocia y Estambul. Este circuito es espectacular.<\/p>\n            <div class=\"nicdark_space20\"><\/div><a href=\"https:\/\/allamerican.travel\/honduras\/packages\/turquia-magica\/\" class=\"nicdark_border_grey grey nicdark_btn nicdark_outline medium \">INFO <\/a>  \n        <\/div>\n\n    <\/div>\n<\/div>\n<!--end prev-->\n\n<\/div>[\/vc_column][\/vc_row][vc_row][vc_column width=\u00bb1\/3&#8243;][\/vc_column][vc_column width=\u00bb1\/3&#8243;][\/vc_column][\/vc_row][vc_row][vc_column width=\u00bb1\/3&#8243;][\/vc_column][vc_column width=\u00bb1\/3&#8243;][\/vc_column][vc_column width=\u00bb1\/3&#8243;][\/vc_column][\/vc_row][vc_row][vc_column width=\u00bb1\/3&#8243;][\/vc_column][vc_column width=\u00bb1\/3&#8243;][\/vc_column][vc_column width=\u00bb1\/3&#8243;][\/vc_column][\/vc_row]<\/p>\n","protected":false},"excerpt":{"rendered":"<p>[vc_row][vc_column][vc_empty_space height=\u00bb60px\u00bb][\/vc_column][\/vc_row][vc_row][vc_column width=\u00bb1\/3&#8243;][\/vc_column][vc_column width=\u00bb1\/3&#8243;][\/vc_column][vc_column width=\u00bb1\/3&#8243;][\/vc_column][\/vc_row][vc_row][vc_column width=\u00bb1\/3&#8243;][\/vc_column][vc_column width=\u00bb1\/3&#8243;][\/vc_column][\/vc_row][vc_row][vc_column width=\u00bb1\/3&#8243;][\/vc_column][vc_column width=\u00bb1\/3&#8243;][\/vc_column][vc_column width=\u00bb1\/3&#8243;][\/vc_column][\/vc_row][vc_row][vc_column width=\u00bb1\/3&#8243;][\/vc_column][vc_column width=\u00bb1\/3&#8243;][\/vc_column][vc_column width=\u00bb1\/3&#8243;][\/vc_column][\/vc_row]<\/p>\n","protected":false},"author":1,"featured_media":0,"parent":0,"menu_order":0,"comment_status":"closed","ping_status":"closed","template":"","meta":[],"_links":{"self":[{"href":"https:\/\/allamerican.travel\/honduras\/wp-json\/wp\/v2\/pages\/2675"}],"collection":[{"href":"https:\/\/allamerican.travel\/honduras\/wp-json\/wp\/v2\/pages"}],"about":[{"href":"https:\/\/allamerican.travel\/honduras\/wp-json\/wp\/v2\/types\/page"}],"author":[{"embeddable":true,"href":"https:\/\/allamerican.travel\/honduras\/wp-json\/wp\/v2\/users\/1"}],"replies":[{"embeddable":true,"href":"https:\/\/allamerican.travel\/honduras\/wp-json\/wp\/v2\/comments?post=2675"}],"version-history":[{"count":72,"href":"https:\/\/allamerican.travel\/honduras\/wp-json\/wp\/v2\/pages\/2675\/revisions"}],"predecessor-version":[{"id":6592,"href":"https:\/\/allamerican.travel\/honduras\/wp-json\/wp\/v2\/pages\/2675\/revisions\/6592"}],"wp:attachment":[{"href":"https:\/\/allamerican.travel\/honduras\/wp-json\/wp\/v2\/media?parent=2675"}],"curies":[{"name":"wp","href":"https:\/\/api.w.org\/{rel}","templated":true}]}}