{"id":2777,"date":"2018-02-09T16:48:28","date_gmt":"2018-02-09T16:48:28","guid":{"rendered":"http:\/\/allamerican.travel\/honduras\/allamerican\/?page_id=2777"},"modified":"2021-07-01T22:15:58","modified_gmt":"2021-07-02T04:15:58","slug":"luna-de-miel","status":"publish","type":"page","link":"https:\/\/allamerican.travel\/honduras\/luna-de-miel\/","title":{"rendered":"LUNA DE MIEL"},"content":{"rendered":"<p>[vc_row][vc_column][vc_empty_space height=\u00bb60px\u00bb][\/vc_column][\/vc_row][vc_row][vc_column width=\u00bb1\/3&#8243;]<div class=\"nicdark_masonry_container\">\n\n<!--start preview-->\n<div id=\"3885\" class=\"grid grid_12 percentage nicdark_masonry_item nicdark_padding10 nicdark_sizing\">\n    <div class=\"nicdark_archive1 nicdark_bg_white nicdark_border_grey nicdark_sizing \">\n\n\n        <!--start image-->\n        <div class=\"nicdark_focus nicdark_relative nicdark_fadeinout nicdark_overflow\">    \n\n            <img alt=\"\" class=\"nicdark_focus nicdark_zoom_image\" src=\"https:\/\/allamerican.travel\/honduras\/wp-content\/uploads\/2018\/03\/luna_de_miel_cancun_03_Mesa-de-trabajo-1-1024x576.jpg\">\n\n            \n            <!--price-->\n            <div class=\"nicdark_fadeout nicdark_absolute nicdark_height100percentage nicdark_width_percentage100\">  \n                <a href=\"https:\/\/allamerican.travel\/honduras\/packages\/luna-de-miel-cancun\/\" class=\"nicdark_btn nicdark_bg_green left white medium\">Desde $915<\/a>\n            <\/div>\n            <!--end price-->\n\n\n            <!--start content-->\n            <div class=\"nicdark_fadein nicdark_filter greydark nicdark_absolute nicdark_height100percentage nicdark_width_percentage100\">\n                <div class=\"nicdark_absolute nicdark_display_table nicdark_height100percentage nicdark_width_percentage100\">\n                    <div class=\"nicdark_cell nicdark_vertical_middle\">\n                        <a href=\"https:\/\/allamerican.travel\/honduras\/packages\/luna-de-miel-cancun\/\" class=\"nicdark_btn nicdark_border_white white medium\">INFO<\/a>\n                    <\/div>   \n                <\/div>   \n            <\/div>\n            <!--end content-->\n\n        <\/div>\n        <!--end image-->\n\n\n        <div class=\"nicdark_textevidence nicdark_bg_green\">\n            <h4 class=\"white nicdark_margin20\">CANC\u00daN<\/h4>\n        <\/div>\n\n\n        <div class=\"nicdark_focus nicdark_bg_greydark2\">\n            <div class=\"nicdark_bg_greydark nicdark_focus nicdark_padding1020 nicdark_sizing nicdark_width_percentage50\">\n                <p class=\"white\"><i class=\"icon-direction\"><\/i> M\u00e9xico <\/p>\n            <\/div>\n            <div class=\"nicdark_focus nicdark_padding1020 nicdark_sizing nicdark_width_percentage50\">\n                <p class=\"white\"><i class=\"icon-info\"><\/i> Luna de Miel <\/p>\n            <\/div>\n        <\/div>\n        \n        <div class=\"nicdark_margin20\">\n            <p>Disfruta con tu pareja de la belleza de Canc\u00fan con sus playas color turquesa que enamoran a cualquiera. Conoce todos los extras que tiene este paquete especial de Luna de Miel. <\/p>\n            <div class=\"nicdark_space20\"><\/div><a href=\"https:\/\/allamerican.travel\/honduras\/packages\/luna-de-miel-cancun\/\" class=\"nicdark_border_grey grey nicdark_btn nicdark_outline medium \">INFO<\/a>  \n        <\/div>\n\n    <\/div>\n<\/div>\n<!--end prev-->\n\n<\/div>[\/vc_column][vc_column width=\u00bb1\/3&#8243;]<div class=\"nicdark_masonry_container\">\n\n<!--start preview-->\n<div id=\"4243\" class=\"grid grid_12 percentage nicdark_masonry_item nicdark_padding10 nicdark_sizing\">\n    <div class=\"nicdark_archive1 nicdark_bg_white nicdark_border_grey nicdark_sizing \">\n\n\n        <!--start image-->\n        <div class=\"nicdark_focus nicdark_relative nicdark_fadeinout nicdark_overflow\">    \n\n            <img alt=\"\" class=\"nicdark_focus nicdark_zoom_image\" src=\"https:\/\/allamerican.travel\/honduras\/wp-content\/uploads\/2018\/03\/Paquete_Mexico_11_Mesa-de-trabajo-1-1024x576.jpg\">\n\n            \n            <!--price-->\n            <div class=\"nicdark_fadeout nicdark_absolute nicdark_height100percentage nicdark_width_percentage100\">  \n                <a href=\"https:\/\/allamerican.travel\/honduras\/packages\/luna-de-miel-ciudad-mexico\/\" class=\"nicdark_btn nicdark_bg_yellow left white medium\">Desde $599<\/a>\n            <\/div>\n            <!--end price-->\n\n\n            <!--start content-->\n            <div class=\"nicdark_fadein nicdark_filter greydark nicdark_absolute nicdark_height100percentage nicdark_width_percentage100\">\n                <div class=\"nicdark_absolute nicdark_display_table nicdark_height100percentage nicdark_width_percentage100\">\n                    <div class=\"nicdark_cell nicdark_vertical_middle\">\n                        <a href=\"https:\/\/allamerican.travel\/honduras\/packages\/luna-de-miel-ciudad-mexico\/\" class=\"nicdark_btn nicdark_border_white white medium\">INFO<\/a>\n                    <\/div>   \n                <\/div>   \n            <\/div>\n            <!--end content-->\n\n        <\/div>\n        <!--end image-->\n\n\n        <div class=\"nicdark_textevidence nicdark_bg_yellow\">\n            <h4 class=\"white nicdark_margin20\">CIUDAD DE M\u00c9XICO<\/h4>\n        <\/div>\n\n\n        <div class=\"nicdark_focus nicdark_bg_greydark2\">\n            <div class=\"nicdark_bg_greydark nicdark_focus nicdark_padding1020 nicdark_sizing nicdark_width_percentage50\">\n                <p class=\"white\"><i class=\"icon-direction\"><\/i> Cuba <\/p>\n            <\/div>\n            <div class=\"nicdark_focus nicdark_padding1020 nicdark_sizing nicdark_width_percentage50\">\n                <p class=\"white\"><i class=\"icon-info\"><\/i> Luna de Miel <\/p>\n            <\/div>\n        <\/div>\n        \n        <div class=\"nicdark_margin20\">\n            <p>Luna de miel Ciudad de M\u00e9xico. Sol, historia y tu pareja es la combinaci\u00f3n perfecta para que tu luna de miel sea perfecta en Ciudad de M\u00e9xico.<\/p>\n            <div class=\"nicdark_space20\"><\/div><a href=\"https:\/\/allamerican.travel\/honduras\/packages\/luna-de-miel-ciudad-mexico\/\" class=\"nicdark_border_grey grey nicdark_btn nicdark_outline medium \">INFO<\/a>  \n        <\/div>\n\n    <\/div>\n<\/div>\n<!--end prev-->\n\n<\/div>[\/vc_column][vc_column width=\u00bb1\/3&#8243;]<div class=\"nicdark_masonry_container\">\n\n<!--start preview-->\n<div id=\"6560\" class=\"grid grid_12 percentage nicdark_masonry_item nicdark_padding10 nicdark_sizing\">\n    <div class=\"nicdark_archive1 nicdark_bg_white nicdark_border_grey nicdark_sizing \">\n\n\n        <!--start image-->\n        <div class=\"nicdark_focus nicdark_relative nicdark_fadeinout nicdark_overflow\">    \n\n            <img alt=\"\" class=\"nicdark_focus nicdark_zoom_image\" src=\"https:\/\/allamerican.travel\/honduras\/wp-content\/uploads\/2021\/07\/luna_de_miel_san_jose_06_Mesa-de-trabajo-1-1024x576.jpg\">\n\n            \n            <!--price-->\n            <div class=\"nicdark_fadeout nicdark_absolute nicdark_height100percentage nicdark_width_percentage100\">  \n                <a href=\"https:\/\/allamerican.travel\/honduras\/packages\/san-jose-y-puntarenas\/\" class=\"nicdark_btn nicdark_bg_yellow left white medium\">Desde $1,374<\/a>\n            <\/div>\n            <!--end price-->\n\n\n            <!--start content-->\n            <div class=\"nicdark_fadein nicdark_filter greydark nicdark_absolute nicdark_height100percentage nicdark_width_percentage100\">\n                <div class=\"nicdark_absolute nicdark_display_table nicdark_height100percentage nicdark_width_percentage100\">\n                    <div class=\"nicdark_cell nicdark_vertical_middle\">\n                        <a href=\"https:\/\/allamerican.travel\/honduras\/packages\/san-jose-y-puntarenas\/\" class=\"nicdark_btn nicdark_border_white white medium\">INFO<\/a>\n                    <\/div>   \n                <\/div>   \n            <\/div>\n            <!--end content-->\n\n        <\/div>\n        <!--end image-->\n\n\n        <div class=\"nicdark_textevidence nicdark_bg_yellow\">\n            <h4 class=\"white nicdark_margin20\">SAN JOS\u00c9 Y PUNTARENAS<\/h4>\n        <\/div>\n\n\n        <div class=\"nicdark_focus nicdark_bg_greydark2\">\n            <div class=\"nicdark_bg_greydark nicdark_focus nicdark_padding1020 nicdark_sizing nicdark_width_percentage50\">\n                <p class=\"white\"><i class=\"icon-direction\"><\/i> San Jos\u00e9 <\/p>\n            <\/div>\n            <div class=\"nicdark_focus nicdark_padding1020 nicdark_sizing nicdark_width_percentage50\">\n                <p class=\"white\"><i class=\"icon-info\"><\/i> Luna de Miel <\/p>\n            <\/div>\n        <\/div>\n        \n        <div class=\"nicdark_margin20\">\n            <p>Naturaleza, aire fresco, paz y tranquilidad es lo que te ofrece San Jos\u00e9, Costa Rica para que disfrutes tu estad\u00eda por este hermoso pa\u00eds. Caf\u00e9 y las cataratas de La Paz.<\/p>\n            <div class=\"nicdark_space20\"><\/div><a href=\"https:\/\/allamerican.travel\/honduras\/packages\/san-jose-y-puntarenas\/\" class=\"nicdark_border_grey grey nicdark_btn nicdark_outline medium \">INFO<\/a>  \n        <\/div>\n\n    <\/div>\n<\/div>\n<!--end prev-->\n\n<\/div>[\/vc_column][\/vc_row][vc_row][vc_column width=\u00bb1\/3&#8243;]<div class=\"nicdark_masonry_container\">\n\n<!--start preview-->\n<div id=\"6567\" class=\"grid grid_12 percentage nicdark_masonry_item nicdark_padding10 nicdark_sizing\">\n    <div class=\"nicdark_archive1 nicdark_bg_white nicdark_border_grey nicdark_sizing \">\n\n\n        <!--start image-->\n        <div class=\"nicdark_focus nicdark_relative nicdark_fadeinout nicdark_overflow\">    \n\n            <img alt=\"\" class=\"nicdark_focus nicdark_zoom_image\" src=\"https:\/\/allamerican.travel\/honduras\/wp-content\/uploads\/2021\/07\/luna_de_miel_new_york_03_Mesa-de-trabajo-1-1024x576.jpg\">\n\n            \n            <!--price-->\n            <div class=\"nicdark_fadeout nicdark_absolute nicdark_height100percentage nicdark_width_percentage100\">  \n                <a href=\"https:\/\/allamerican.travel\/honduras\/packages\/new-york\/\" class=\"nicdark_btn nicdark_bg_yellow left white medium\">Desde $1,739<\/a>\n            <\/div>\n            <!--end price-->\n\n\n            <!--start content-->\n            <div class=\"nicdark_fadein nicdark_filter greydark nicdark_absolute nicdark_height100percentage nicdark_width_percentage100\">\n                <div class=\"nicdark_absolute nicdark_display_table nicdark_height100percentage nicdark_width_percentage100\">\n                    <div class=\"nicdark_cell nicdark_vertical_middle\">\n                        <a href=\"https:\/\/allamerican.travel\/honduras\/packages\/new-york\/\" class=\"nicdark_btn nicdark_border_white white medium\">INFO <\/a>\n                    <\/div>   \n                <\/div>   \n            <\/div>\n            <!--end content-->\n\n        <\/div>\n        <!--end image-->\n\n\n        <div class=\"nicdark_textevidence nicdark_bg_yellow\">\n            <h4 class=\"white nicdark_margin20\">NEW YORK<\/h4>\n        <\/div>\n\n\n        <div class=\"nicdark_focus nicdark_bg_greydark2\">\n            <div class=\"nicdark_bg_greydark nicdark_focus nicdark_padding1020 nicdark_sizing nicdark_width_percentage50\">\n                <p class=\"white\"><i class=\"icon-direction\"><\/i> U.S.A. <\/p>\n            <\/div>\n            <div class=\"nicdark_focus nicdark_padding1020 nicdark_sizing nicdark_width_percentage50\">\n                <p class=\"white\"><i class=\"icon-info\"><\/i> Luna de Miel <\/p>\n            <\/div>\n        <\/div>\n        \n        <div class=\"nicdark_margin20\">\n            <p>Una ciudad cosmopolita para una pareja cosmopolita. Disfruta en New York una luna de miel diferente llena de glamour, magia y aventura.<\/p>\n            <div class=\"nicdark_space20\"><\/div><a href=\"https:\/\/allamerican.travel\/honduras\/packages\/new-york\/\" class=\"nicdark_border_grey grey nicdark_btn nicdark_outline medium \">INFO <\/a>  \n        <\/div>\n\n    <\/div>\n<\/div>\n<!--end prev-->\n\n<\/div>[\/vc_column][vc_column width=\u00bb1\/3&#8243;][\/vc_column][\/vc_row][vc_row][vc_column][vc_empty_space height=\u00bb40px\u00bb][\/vc_column][\/vc_row]<\/p>\n","protected":false},"excerpt":{"rendered":"<p>[vc_row][vc_column][vc_empty_space height=\u00bb60px\u00bb][\/vc_column][\/vc_row][vc_row][vc_column width=\u00bb1\/3&#8243;][\/vc_column][vc_column width=\u00bb1\/3&#8243;][\/vc_column][vc_column width=\u00bb1\/3&#8243;][\/vc_column][\/vc_row][vc_row][vc_column width=\u00bb1\/3&#8243;][\/vc_column][vc_column width=\u00bb1\/3&#8243;][\/vc_column][\/vc_row][vc_row][vc_column][vc_empty_space height=\u00bb40px\u00bb][\/vc_column][\/vc_row]<\/p>\n","protected":false},"author":1,"featured_media":0,"parent":0,"menu_order":0,"comment_status":"closed","ping_status":"closed","template":"","meta":[],"_links":{"self":[{"href":"https:\/\/allamerican.travel\/honduras\/wp-json\/wp\/v2\/pages\/2777"}],"collection":[{"href":"https:\/\/allamerican.travel\/honduras\/wp-json\/wp\/v2\/pages"}],"about":[{"href":"https:\/\/allamerican.travel\/honduras\/wp-json\/wp\/v2\/types\/page"}],"author":[{"embeddable":true,"href":"https:\/\/allamerican.travel\/honduras\/wp-json\/wp\/v2\/users\/1"}],"replies":[{"embeddable":true,"href":"https:\/\/allamerican.travel\/honduras\/wp-json\/wp\/v2\/comments?post=2777"}],"version-history":[{"count":20,"href":"https:\/\/allamerican.travel\/honduras\/wp-json\/wp\/v2\/pages\/2777\/revisions"}],"predecessor-version":[{"id":6576,"href":"https:\/\/allamerican.travel\/honduras\/wp-json\/wp\/v2\/pages\/2777\/revisions\/6576"}],"wp:attachment":[{"href":"https:\/\/allamerican.travel\/honduras\/wp-json\/wp\/v2\/media?parent=2777"}],"curies":[{"name":"wp","href":"https:\/\/api.w.org\/{rel}","templated":true}]}}