{"id":2900,"date":"2018-02-12T15:38:07","date_gmt":"2018-02-12T15:38:07","guid":{"rendered":"http:\/\/allamerican.travel\/honduras\/allamerican\/?page_id=2900"},"modified":"2021-06-10T19:21:09","modified_gmt":"2021-06-11T01:21:09","slug":"decameron","status":"publish","type":"page","link":"https:\/\/allamerican.travel\/honduras\/decameron\/","title":{"rendered":"DECAMERON"},"content":{"rendered":"<p>[vc_row][vc_column][vc_empty_space height=\u00bb40px\u00bb][\/vc_column][\/vc_row][vc_row equal_height=\u00bbyes\u00bb parallax=\u00bbcontent-moving-fade\u00bb][vc_column][vc_column_text]El mejor todo incluido del El Salvador lo encuentras en Decameron Salinitas. El Resort cuenta con 552 habitaciones equipadas con todas las comodidades que necesitas para disfrutar en un descanso merecido: Aire acondicionado, agua caliente, televisi\u00f3n con cable y mucho m\u00e1s.<\/p>\n<p>&nbsp;<\/p>\n<p>Decameron Salinitas cuenta adem\u00e1s con 6 restaurantes a la carta, 2 restaurantes buffet de desayunos, almuerzos y cenas, 7 bares con bebidas ilimitadas, bar de ceviches, \u00e1rea de videojuegos, canchas de tenis y f\u00fatbol playa, 4 piscinas para ni\u00f1os y adultos y mucho m\u00e1s.<\/p>\n<p>&nbsp;<\/p>\n<p>Adem\u00e1s, contamos con precios especiales en los m\u00e1s de 25 hoteles de la cadena Decameron en todo el Mundo. Pregunta por nuestros paquetes especiales a cualquiera de los resorts.[\/vc_column_text][vc_empty_space height=\u00bb55px\u00bb]<h2 style=\"color:#000000;\" class=\"  center\">PROMOCI\u00d3N DISPONIBLE<\/h2>[vc_empty_space][vc_single_image image=\u00bb6529&#8243; img_size=\u00bblarge\u00bb add_caption=\u00bbyes\u00bb alignment=\u00bbcenter\u00bb][vc_empty_space][vc_column_text][\/vc_column_text][\/vc_column][\/vc_row][vc_row equal_height=\u00bbyes\u00bb parallax=\u00bbcontent-moving-fade\u00bb][vc_column width=\u00bb1\/4&#8243;][vc_column_text css=\u00bb.vc_custom_1521823344410{padding-top: 10px !important;padding-bottom: 10px !important;background-color: #3c9108 !important;}\u00bb]<\/p>\n<p style=\"text-align: center;\"><span style=\"color: #ffffff;\">DECAMERON SALINITAS\u00a0<\/span><\/p>\n<p>[\/vc_column_text][vc_single_image image=\u00bb4605&#8243; img_size=\u00bblarge\u00bb alignment=\u00bbcenter\u00bb style=\u00bbvc_box_rounded\u00bb onclick=\u00bblink_image\u00bb][vc_column_text css=\u00bb.vc_custom_1521823325602{background-color: #3d3d3d !important;}\u00bb]<\/p>\n<p style=\"text-align: center;\"><span style=\"color: #ffffff;\">EL SALVADOR<\/span><\/p>\n<p>[\/vc_column_text][\/vc_column][vc_column width=\u00bb1\/4&#8243;][vc_column_text css=\u00bb.vc_custom_1521822924610{padding-top: 10px !important;padding-bottom: 10px !important;background-color: #3c9108 !important;}\u00bb]<\/p>\n<p style=\"text-align: center;\"><span style=\"color: #ffffff;\">DECAMERON\u00a0 PANAM\u00c1<\/span><\/p>\n<p>[\/vc_column_text][vc_single_image image=\u00bb4604&#8243; img_size=\u00bblarge\u00bb alignment=\u00bbcenter\u00bb style=\u00bbvc_box_rounded\u00bb onclick=\u00bblink_image\u00bb css_animation=\u00bbappear\u00bb css=\u00bb.vc_custom_1521822963931{border-radius: 1px !important;}\u00bb][vc_column_text css=\u00bb.vc_custom_1521823370331{background-color: #3d3d3d !important;}\u00bb]<\/p>\n<p style=\"text-align: center;\"><span style=\"color: #ffffff;\">PANAM\u00c1<\/span><\/p>\n<p>[\/vc_column_text][\/vc_column][vc_column width=\u00bb1\/4&#8243;][vc_column_text css=\u00bb.vc_custom_1521823101490{padding-top: 10px !important;padding-bottom: 10px !important;background-color: #3c9108 !important;}\u00bb]<\/p>\n<p style=\"text-align: center;\"><span style=\"color: #ffffff;\">DECAMERON\u00a0 CARTAGENA<\/span><\/p>\n<p>[\/vc_column_text][vc_single_image image=\u00bb4606&#8243; img_size=\u00bblarge\u00bb alignment=\u00bbcenter\u00bb style=\u00bbvc_box_rounded\u00bb onclick=\u00bblink_image\u00bb css_animation=\u00bbappear\u00bb css=\u00bb.vc_custom_1521823131899{border-radius: 1px !important;}\u00bb][vc_column_text css=\u00bb.vc_custom_1521823389243{background-color: #3d3d3d !important;}\u00bb]<\/p>\n<p style=\"text-align: center;\"><span style=\"color: #ffffff;\">COLOMBIA<\/span><\/p>\n<p>[\/vc_column_text][\/vc_column][vc_column width=\u00bb1\/4&#8243;][vc_column_text css=\u00bb.vc_custom_1521823434666{padding-top: 10px !important;padding-bottom: 10px !important;background-color: #3c9108 !important;}\u00bb]<\/p>\n<p style=\"text-align: center;\"><span style=\"color: #ffffff;\">DECAMERON\u00a0 BAR\u00da\u00a0<\/span><\/p>\n<p>[\/vc_column_text][vc_single_image image=\u00bb4607&#8243; img_size=\u00bblarge\u00bb alignment=\u00bbcenter\u00bb style=\u00bbvc_box_rounded\u00bb onclick=\u00bblink_image\u00bb css_animation=\u00bbappear\u00bb css=\u00bb.vc_custom_1521823174349{border-radius: 1px !important;}\u00bb][vc_column_text css=\u00bb.vc_custom_1521823424739{background-color: #3d3d3d !important;}\u00bb]<\/p>\n<p style=\"text-align: center;\"><span style=\"color: #ffffff;\">CARTAGENA &#8211; COLOMBIA<\/span><\/p>\n<p>[\/vc_column_text][\/vc_column][\/vc_row][vc_row equal_height=\u00bbyes\u00bb parallax=\u00bbcontent-moving-fade\u00bb][vc_column width=\u00bb1\/4&#8243;][vc_column_text css=\u00bb.vc_custom_1521824708259{padding-top: 10px !important;padding-bottom: 10px !important;background-color: #3c9108 !important;}\u00bb]<\/p>\n<p style=\"text-align: center;\"><span style=\"color: #ffffff;\">DECAMERON AQUARIUM<\/span><\/p>\n<p>[\/vc_column_text][vc_single_image image=\u00bb4614&#8243; img_size=\u00bblarge\u00bb alignment=\u00bbcenter\u00bb style=\u00bbvc_box_rounded\u00bb][vc_column_text css=\u00bb.vc_custom_1521824760836{background-color: #3d3d3d !important;}\u00bb]<\/p>\n<p style=\"text-align: center;\"><span style=\"color: #ffffff;\">SAN ANDR\u00c9S &#8211; COLOMBIA<\/span><\/p>\n<p>[\/vc_column_text][\/vc_column][vc_column width=\u00bb1\/4&#8243;][vc_column_text css=\u00bb.vc_custom_1521824777658{padding-top: 10px !important;padding-bottom: 10px !important;background-color: #3c9108 !important;}\u00bb]<\/p>\n<p style=\"text-align: center;\"><span style=\"color: #ffffff;\">DECAMERON\u00a0 ISLE\u00d1O<\/span><\/p>\n<p>[\/vc_column_text][vc_single_image image=\u00bb4625&#8243; img_size=\u00bblarge\u00bb alignment=\u00bbcenter\u00bb][vc_column_text css=\u00bb.vc_custom_1521824865332{background-color: #3d3d3d !important;}\u00bb]<\/p>\n<p style=\"text-align: center;\"><span style=\"color: #ffffff;\">SAN ANDR\u00c9S &#8211; COLOMBIA<\/span><\/p>\n<p>[\/vc_column_text][\/vc_column][vc_column width=\u00bb1\/4&#8243;][vc_column_text css=\u00bb.vc_custom_1521824908060{padding-top: 10px !important;padding-bottom: 10px !important;background-color: #3c9108 !important;}\u00bb]<\/p>\n<p style=\"text-align: center;\"><span style=\"color: #ffffff;\">DECAMERON\u00a0 LOS DELFINES<\/span><\/p>\n<p>[\/vc_column_text][vc_single_image image=\u00bb4617&#8243; img_size=\u00bblarge\u00bb alignment=\u00bbcenter\u00bb style=\u00bbvc_box_rounded\u00bb onclick=\u00bblink_image\u00bb css_animation=\u00bbappear\u00bb css=\u00bb.vc_custom_1521824937048{border-radius: 1px !important;}\u00bb][vc_column_text css=\u00bb.vc_custom_1521824982491{background-color: #3d3d3d !important;}\u00bb]<\/p>\n<p style=\"text-align: center;\"><span style=\"color: #ffffff;\">SAN ANDR\u00c9S &#8211; COLOMBIA\u00a0<\/span><\/p>\n<p>[\/vc_column_text][\/vc_column][vc_column width=\u00bb1\/4&#8243;][vc_column_text css=\u00bb.vc_custom_1521824997115{padding-top: 10px !important;padding-bottom: 10px !important;background-color: #3c9108 !important;}\u00bb]<\/p>\n<p style=\"text-align: center;\"><span style=\"color: #ffffff;\">DECAMERON\u00a0 MARAZUL<\/span><\/p>\n<p>[\/vc_column_text][vc_single_image image=\u00bb4618&#8243; img_size=\u00bblarge\u00bb alignment=\u00bbcenter\u00bb style=\u00bbvc_box_rounded\u00bb onclick=\u00bblink_image\u00bb css_animation=\u00bbappear\u00bb css=\u00bb.vc_custom_1521825019799{border-radius: 1px !important;}\u00bb][vc_column_text css=\u00bb.vc_custom_1521825038435{background-color: #3d3d3d !important;}\u00bb]<\/p>\n<p style=\"text-align: center;\"><span style=\"color: #ffffff;\">SAN ANDR\u00c9S- COLOMBIA\u00a0<\/span><\/p>\n<p>[\/vc_column_text][\/vc_column][\/vc_row][vc_row equal_height=\u00bbyes\u00bb parallax=\u00bbcontent-moving-fade\u00bb][vc_column width=\u00bb1\/4&#8243;][vc_column_text css=\u00bb.vc_custom_1521826334043{padding-top: 10px !important;padding-bottom: 10px !important;background-color: #3c9108 !important;}\u00bb]<\/p>\n<p style=\"text-align: center;\"><span style=\"color: #ffffff;\">DECAMERON MARYLAND<\/span><\/p>\n<p>[\/vc_column_text][vc_single_image image=\u00bb4629&#8243; img_size=\u00bblarge\u00bb alignment=\u00bbcenter\u00bb style=\u00bbvc_box_rounded\u00bb onclick=\u00bblink_image\u00bb][vc_column_text css=\u00bb.vc_custom_1521826379770{background-color: #3d3d3d !important;}\u00bb]<\/p>\n<p style=\"text-align: center;\"><span style=\"color: #ffffff;\">SAN ANDR\u00c9S &#8211; COLOMBIA<\/span><\/p>\n<p>[\/vc_column_text][\/vc_column][vc_column width=\u00bb1\/4&#8243;][vc_column_text css=\u00bb.vc_custom_1521826458283{padding-top: 10px !important;padding-bottom: 10px !important;background-color: #3c9108 !important;}\u00bb]<\/p>\n<p style=\"text-align: center;\"><span style=\"color: #ffffff;\">DECAMERON\u00a0 ISLA PALMA<\/span><\/p>\n<p>[\/vc_column_text][vc_single_image image=\u00bb4630&#8243; img_size=\u00bblarge\u00bb alignment=\u00bbcenter\u00bb][vc_column_text css=\u00bb.vc_custom_1521826557035{background-color: #3d3d3d !important;}\u00bb]<\/p>\n<p style=\"text-align: center;\"><span style=\"color: #ffffff;\">SUCRE &#8211; COLOMBIA<\/span><\/p>\n<p>[\/vc_column_text][\/vc_column][vc_column width=\u00bb1\/4&#8243;][vc_column_text css=\u00bb.vc_custom_1521826737059{padding-top: 10px !important;padding-bottom: 10px !important;background-color: #3c9108 !important;}\u00bb]<\/p>\n<p style=\"text-align: center;\"><span style=\"color: #ffffff;\">DECAMERON\u00a0 SAN LUIS<\/span><\/p>\n<p>[\/vc_column_text][vc_single_image image=\u00bb4631&#8243; img_size=\u00bblarge\u00bb alignment=\u00bbcenter\u00bb style=\u00bbvc_box_rounded\u00bb onclick=\u00bblink_image\u00bb css_animation=\u00bbappear\u00bb css=\u00bb.vc_custom_1521826915867{border-radius: 1px !important;}\u00bb][vc_column_text css=\u00bb.vc_custom_1521826926923{background-color: #3d3d3d !important;}\u00bb]<\/p>\n<p style=\"text-align: center;\"><span style=\"color: #ffffff;\">SAN ANDR\u00c9S &#8211; COLOMBIA\u00a0<\/span><\/p>\n<p>[\/vc_column_text][\/vc_column][vc_column width=\u00bb1\/4&#8243;][vc_column_text css=\u00bb.vc_custom_1521827012796{padding-top: 10px !important;padding-bottom: 10px !important;background-color: #3c9108 !important;}\u00bb]<\/p>\n<p style=\"text-align: center;\"><span style=\"color: #ffffff;\">DECAMERON\u00a0 PANACA<\/span><\/p>\n<p>[\/vc_column_text][vc_single_image image=\u00bb4632&#8243; img_size=\u00bblarge\u00bb alignment=\u00bbcenter\u00bb style=\u00bbvc_box_rounded\u00bb onclick=\u00bblink_image\u00bb css_animation=\u00bbappear\u00bb css=\u00bb.vc_custom_1521827048122{border-radius: 1px !important;}\u00bb][vc_column_text css=\u00bb.vc_custom_1521827078843{background-color: #3d3d3d !important;}\u00bb]<\/p>\n<p style=\"text-align: center;\"><span style=\"color: #ffffff;\">QUIOND\u00cdO- COLOMBIA\u00a0<\/span><\/p>\n<p>[\/vc_column_text][\/vc_column][\/vc_row][vc_row equal_height=\u00bbyes\u00bb parallax=\u00bbcontent-moving-fade\u00bb][vc_column width=\u00bb1\/4&#8243;][vc_column_text css=\u00bb.vc_custom_1521827113195{padding-top: 10px !important;padding-bottom: 10px !important;background-color: #3c9108 !important;}\u00bb]<\/p>\n<p style=\"text-align: center;\"><span style=\"color: #ffffff;\">DECAMERON LOS CABOS\u00a0<\/span><\/p>\n<p>[\/vc_column_text][vc_single_image image=\u00bb4633&#8243; img_size=\u00bblarge\u00bb alignment=\u00bbcenter\u00bb style=\u00bbvc_box_rounded\u00bb onclick=\u00bblink_image\u00bb][vc_column_text css=\u00bb.vc_custom_1521827161452{background-color: #3d3d3d !important;}\u00bb]<\/p>\n<p style=\"text-align: center;\"><span style=\"color: #ffffff;\">LOS CABOS &#8211; M\u00c9XICO<\/span><\/p>\n<p>[\/vc_column_text][\/vc_column][vc_column width=\u00bb1\/4&#8243;][vc_column_text css=\u00bb.vc_custom_1521827176308{padding-top: 10px !important;padding-bottom: 10px !important;background-color: #3c9108 !important;}\u00bb]<\/p>\n<p style=\"text-align: center;\"><span style=\"color: #ffffff;\">DECAMERON\u00a0 COMPLEX<\/span><\/p>\n<p>[\/vc_column_text][vc_single_image image=\u00bb4634&#8243; img_size=\u00bblarge\u00bb alignment=\u00bbcenter\u00bb][vc_column_text css=\u00bb.vc_custom_1521827296631{background-color: #3d3d3d !important;}\u00bb]<\/p>\n<p style=\"text-align: center;\"><span style=\"color: #ffffff;\">PUERTO VALLARTA &#8211; M\u00c9XICO<\/span><\/p>\n<p>[\/vc_column_text][\/vc_column][vc_column width=\u00bb1\/4&#8243;][vc_column_text css=\u00bb.vc_custom_1521827308675{padding-top: 10px !important;padding-bottom: 10px !important;background-color: #3c9108 !important;}\u00bb]<\/p>\n<p style=\"text-align: center;\"><span style=\"color: #ffffff;\">DECAMERON\u00a0 LOS COCOS<\/span><\/p>\n<p>[\/vc_column_text][vc_single_image image=\u00bb4635&#8243; img_size=\u00bblarge\u00bb alignment=\u00bbcenter\u00bb style=\u00bbvc_box_rounded\u00bb onclick=\u00bblink_image\u00bb css_animation=\u00bbappear\u00bb css=\u00bb.vc_custom_1521827329488{border-radius: 1px !important;}\u00bb][vc_column_text css=\u00bb.vc_custom_1521827347019{background-color: #3d3d3d !important;}\u00bb]<\/p>\n<p style=\"text-align: center;\"><span style=\"color: #ffffff;\">PUERTO VALLARTA &#8211; M\u00c9XICO<\/span><\/p>\n<p>[\/vc_column_text][\/vc_column][vc_column width=\u00bb1\/4&#8243;][vc_column_text css=\u00bb.vc_custom_1521827360515{padding-top: 10px !important;padding-bottom: 10px !important;background-color: #3c9108 !important;}\u00bb]<\/p>\n<p style=\"text-align: center;\"><span style=\"color: #ffffff;\">DECAMERON\u00a0 HAIT\u00cd<\/span><\/p>\n<p>[\/vc_column_text][vc_single_image image=\u00bb4636&#8243; img_size=\u00bblarge\u00bb alignment=\u00bbcenter\u00bb style=\u00bbvc_box_rounded\u00bb onclick=\u00bblink_image\u00bb css_animation=\u00bbappear\u00bb css=\u00bb.vc_custom_1521827384940{border-radius: 1px !important;}\u00bb][vc_column_text css=\u00bb.vc_custom_1521827395155{background-color: #3d3d3d !important;}\u00bb]<\/p>\n<p style=\"text-align: center;\"><span style=\"color: #ffffff;\">HAIT\u00cd<\/span><\/p>\n<p>[\/vc_column_text][\/vc_column][\/vc_row][vc_row equal_height=\u00bbyes\u00bb parallax=\u00bbcontent-moving-fade\u00bb][vc_column width=\u00bb1\/4&#8243;][vc_column_text css=\u00bb.vc_custom_1521827585107{padding-top: 10px !important;padding-bottom: 10px !important;background-color: #3c9108 !important;}\u00bb]<\/p>\n<p style=\"text-align: center;\"><span style=\"color: #ffffff;\">DECAMERON MOMPICHE<\/span><\/p>\n<p>[\/vc_column_text][vc_single_image image=\u00bb4637&#8243; img_size=\u00bblarge\u00bb alignment=\u00bbcenter\u00bb style=\u00bbvc_box_rounded\u00bb onclick=\u00bblink_image\u00bb][vc_column_text css=\u00bb.vc_custom_1521827719028{background-color: #3d3d3d !important;}\u00bb]<\/p>\n<p style=\"text-align: center;\"><span style=\"color: #ffffff;\">MOMPICHE &#8211; ECUADOR\u00a0<\/span><\/p>\n<p>[\/vc_column_text][\/vc_column][vc_column width=\u00bb1\/4&#8243;][vc_column_text css=\u00bb.vc_custom_1521827752213{padding-top: 10px !important;padding-bottom: 10px !important;background-color: #3c9108 !important;}\u00bb]<\/p>\n<p style=\"text-align: center;\"><span style=\"color: #ffffff;\">DECAMERON\u00a0 PUNTA CENTINELA<\/span><\/p>\n<p>[\/vc_column_text][vc_single_image image=\u00bb4638&#8243; img_size=\u00bblarge\u00bb alignment=\u00bbcenter\u00bb][vc_column_text css=\u00bb.vc_custom_1521827802939{background-color: #3d3d3d !important;}\u00bb]<\/p>\n<p style=\"text-align: center;\"><span style=\"color: #ffffff;\">SANTA ELENA &#8211; ECUADOR\u00a0<\/span><\/p>\n<p>[\/vc_column_text][\/vc_column][vc_column width=\u00bb1\/4&#8243;][vc_column_text css=\u00bb.vc_custom_1521827855571{padding-top: 10px !important;padding-bottom: 10px !important;background-color: #3c9108 !important;}\u00bb]<\/p>\n<p style=\"text-align: center;\"><span style=\"color: #ffffff;\">DECAMERON\u00a0 MONTEGO BAY<\/span><\/p>\n<p>[\/vc_column_text][vc_single_image image=\u00bb4639&#8243; img_size=\u00bblarge\u00bb alignment=\u00bbcenter\u00bb style=\u00bbvc_box_rounded\u00bb onclick=\u00bblink_image\u00bb css=\u00bb.vc_custom_1521828172723{border-radius: 1px !important;}\u00bb][vc_column_text css=\u00bb.vc_custom_1521827905599{background-color: #3d3d3d !important;}\u00bb]<\/p>\n<p style=\"text-align: center;\"><span style=\"color: #ffffff;\">MONTEGO BAY &#8211; JAMAICA<\/span><\/p>\n<p>[\/vc_column_text][\/vc_column][vc_column width=\u00bb1\/4&#8243;][vc_column_text css=\u00bb.vc_custom_1521827993124{padding-top: 10px !important;padding-bottom: 10px !important;background-color: #3c9108 !important;}\u00bb]<\/p>\n<p style=\"text-align: center;\"><span style=\"color: #ffffff;\">DECAMERON\u00a0 CORNWALL<\/span><\/p>\n<p>[\/vc_column_text][vc_single_image image=\u00bb4640&#8243; img_size=\u00bblarge\u00bb alignment=\u00bbcenter\u00bb style=\u00bbvc_box_rounded\u00bb onclick=\u00bblink_image\u00bb css=\u00bb.vc_custom_1521828181932{border-radius: 1px !important;}\u00bb][vc_column_text css=\u00bb.vc_custom_1521828048061{background-color: #3d3d3d !important;}\u00bb]<\/p>\n<p style=\"text-align: center;\"><span style=\"color: #ffffff;\">MONTEGO BAY &#8211; JAMAICA\u00a0<\/span><\/p>\n<p>[\/vc_column_text][\/vc_column][\/vc_row][vc_row][vc_column][vc_btn title=\u00bbMe Interesa \u00bb style=\u00bbflat\u00bb shape=\u00bbsquare\u00bb color=\u00bbwarning\u00bb size=\u00bblg\u00bb align=\u00bbcenter\u00bb link=\u00bburl:http%3A%2F%2Fallamerican.travel\/honduras%2Fallamerican%2Fcontacts%2F||\u00bb][vc_empty_space][\/vc_column][\/vc_row][vc_row][vc_column][\/vc_column][\/vc_row][vc_row][vc_column][\/vc_column][\/vc_row][vc_row][vc_column][\/vc_column][\/vc_row][vc_row][vc_column][\/vc_column][\/vc_row][vc_row][vc_column][\/vc_column][\/vc_row][vc_row][vc_column][\/vc_column][\/vc_row]<\/p>\n","protected":false},"excerpt":{"rendered":"<p>[vc_row][vc_column][vc_empty_space height=\u00bb40px\u00bb][\/vc_column][\/vc_row][vc_row equal_height=\u00bbyes\u00bb parallax=\u00bbcontent-moving-fade\u00bb][vc_column][vc_column_text]El mejor todo incluido del El Salvador lo encuentras en Decameron Salinitas. El Resort cuenta con 552 habitaciones equipadas con todas las comodidades que necesitas para disfrutar en un descanso merecido: Aire acondicionado, agua caliente, televisi\u00f3n con cable y mucho m\u00e1s. &nbsp; Decameron Salinitas cuenta adem\u00e1s con 6 restaurantes a la carta, &#8230;<\/p>\n","protected":false},"author":1,"featured_media":0,"parent":0,"menu_order":0,"comment_status":"closed","ping_status":"closed","template":"","meta":[],"_links":{"self":[{"href":"https:\/\/allamerican.travel\/honduras\/wp-json\/wp\/v2\/pages\/2900"}],"collection":[{"href":"https:\/\/allamerican.travel\/honduras\/wp-json\/wp\/v2\/pages"}],"about":[{"href":"https:\/\/allamerican.travel\/honduras\/wp-json\/wp\/v2\/types\/page"}],"author":[{"embeddable":true,"href":"https:\/\/allamerican.travel\/honduras\/wp-json\/wp\/v2\/users\/1"}],"replies":[{"embeddable":true,"href":"https:\/\/allamerican.travel\/honduras\/wp-json\/wp\/v2\/comments?post=2900"}],"version-history":[{"count":23,"href":"https:\/\/allamerican.travel\/honduras\/wp-json\/wp\/v2\/pages\/2900\/revisions"}],"predecessor-version":[{"id":6531,"href":"https:\/\/allamerican.travel\/honduras\/wp-json\/wp\/v2\/pages\/2900\/revisions\/6531"}],"wp:attachment":[{"href":"https:\/\/allamerican.travel\/honduras\/wp-json\/wp\/v2\/media?parent=2900"}],"curies":[{"name":"wp","href":"https:\/\/api.w.org\/{rel}","templated":true}]}}