{"id":3052,"date":"2018-02-13T20:58:25","date_gmt":"2018-02-13T20:58:25","guid":{"rendered":"http:\/\/allamerican.travel\/honduras\/allamerican\/?page_id=3052"},"modified":"2019-06-26T16:00:19","modified_gmt":"2019-06-26T22:00:19","slug":"seguro-de-equipaje","status":"publish","type":"page","link":"https:\/\/allamerican.travel\/honduras\/seguro-de-equipaje\/","title":{"rendered":"SEGURO DE EQUIPAJE"},"content":{"rendered":"<p>[vc_row][vc_column][\/vc_column][\/vc_row][vc_row equal_height=\u00bbyes\u00bb parallax=\u00bbcontent-moving-fade\u00bb][vc_column][vc_column_text]El servicio de seguro de equipaje Blue Ribbon Bag ayuda a los pasajeros a localizar y agilizar la recuperaci\u00f3n del equipaje en caso de ser extraviado por la Aerol\u00ednea. De no encontrarse, se entregar\u00e1 una compensaci\u00f3n econ\u00f3mica de acuerdo al plan adquirido. Este servicio tiene Garant\u00eda de satisfacci\u00f3n.<\/p>\n<p>&nbsp;<\/p>\n<p>Blue Ribbon Bags rastrea y acelera la devoluci\u00f3n de su equipaje demorado durante 96 horas desde el momento en que aterrice su vuelo. Cubre en cada vuelo, en cada aerol\u00ednea, en cualquier parte del mundo.[\/vc_column_text][vc_empty_space height=\u00bb55px\u00bb]<h2 style=\"color:#000000;\" class=\"  center\">PROMOCI\u00d3N DEL D\u00cdA<\/h2>[vc_empty_space][vc_single_image image=\u00bb4035&#8243; img_size=\u00bblarge\u00bb add_caption=\u00bbyes\u00bb alignment=\u00bbcenter\u00bb style=\u00bbvc_box_rounded\u00bb onclick=\u00bblink_image\u00bb css=\u00bb.vc_custom_1528474849123{background-color: #f9f9f9 !important;}\u00bb][vc_column_text]<\/p>\n<p style=\"text-align: center;\">** Consulta restricciones del servicio.<\/p>\n<p>[\/vc_column_text][\/vc_column][\/vc_row][vc_row equal_height=\u00bbyes\u00bb parallax=\u00bbcontent-moving-fade\u00bb][vc_column width=\u00bb1\/2&#8243;][\/vc_column][vc_column width=\u00bb1\/2&#8243;][\/vc_column][\/vc_row][vc_row][vc_column width=\u00bb1\/3&#8243;][\/vc_column][vc_column width=\u00bb1\/3&#8243;][\/vc_column][vc_column width=\u00bb1\/3&#8243;][\/vc_column][\/vc_row][vc_row][vc_column][vc_btn title=\u00bbMe Interesa \u00bb style=\u00bbflat\u00bb shape=\u00bbsquare\u00bb color=\u00bbwarning\u00bb size=\u00bblg\u00bb align=\u00bbcenter\u00bb link=\u00bburl:http%3A%2F%2Fallamerican.travel\/honduras%2Fallamerican%2Fcontacts%2F||\u00bb][vc_empty_space][\/vc_column][\/vc_row][vc_row][vc_column][\/vc_column][\/vc_row][vc_row][vc_column][\/vc_column][\/vc_row][vc_row][vc_column][\/vc_column][\/vc_row][vc_row][vc_column][\/vc_column][\/vc_row][vc_row][vc_column][\/vc_column][\/vc_row]<\/p>\n","protected":false},"excerpt":{"rendered":"<p>[vc_row][vc_column][\/vc_column][\/vc_row][vc_row equal_height=\u00bbyes\u00bb parallax=\u00bbcontent-moving-fade\u00bb][vc_column][vc_column_text]El servicio de seguro de equipaje Blue Ribbon Bag ayuda a los pasajeros a localizar y agilizar la recuperaci\u00f3n del equipaje en caso de ser extraviado por la Aerol\u00ednea. De no encontrarse, se entregar\u00e1 una compensaci\u00f3n econ\u00f3mica de acuerdo al plan adquirido. Este servicio tiene Garant\u00eda de satisfacci\u00f3n. &nbsp; Blue Ribbon Bags rastrea &#8230;<\/p>\n","protected":false},"author":1,"featured_media":0,"parent":0,"menu_order":0,"comment_status":"closed","ping_status":"closed","template":"","meta":[],"_links":{"self":[{"href":"https:\/\/allamerican.travel\/honduras\/wp-json\/wp\/v2\/pages\/3052"}],"collection":[{"href":"https:\/\/allamerican.travel\/honduras\/wp-json\/wp\/v2\/pages"}],"about":[{"href":"https:\/\/allamerican.travel\/honduras\/wp-json\/wp\/v2\/types\/page"}],"author":[{"embeddable":true,"href":"https:\/\/allamerican.travel\/honduras\/wp-json\/wp\/v2\/users\/1"}],"replies":[{"embeddable":true,"href":"https:\/\/allamerican.travel\/honduras\/wp-json\/wp\/v2\/comments?post=3052"}],"version-history":[{"count":8,"href":"https:\/\/allamerican.travel\/honduras\/wp-json\/wp\/v2\/pages\/3052\/revisions"}],"predecessor-version":[{"id":4989,"href":"https:\/\/allamerican.travel\/honduras\/wp-json\/wp\/v2\/pages\/3052\/revisions\/4989"}],"wp:attachment":[{"href":"https:\/\/allamerican.travel\/honduras\/wp-json\/wp\/v2\/media?parent=3052"}],"curies":[{"name":"wp","href":"https:\/\/api.w.org\/{rel}","templated":true}]}}