{"id":5013,"date":"2018-06-28T11:42:44","date_gmt":"2018-06-28T17:42:44","guid":{"rendered":"http:\/\/allamerican.travel\/honduras\/?page_id=5013"},"modified":"2019-12-30T16:32:41","modified_gmt":"2019-12-30T22:32:41","slug":"estudia-y-trabaja-en-irlanda","status":"publish","type":"page","link":"https:\/\/allamerican.travel\/honduras\/estudia-y-trabaja-en-irlanda\/","title":{"rendered":"ELI SCHOOLS"},"content":{"rendered":"<p>[vc_row][vc_column]<h2 style=\"color:#000000;\" class=\"  left\">ESTUDIA Y TRABAJA EN IRLANDA<\/h2>[vc_empty_space height=\u00bb40px\u00bb][vc_column_text]<\/p>\n<p style=\"text-align: left;\">\u00a1Vive la experiencia Irlanda! All American Travel junto a ELI Schools te ofrecen diferentes programas para que puedas vivir, estudiar ingl\u00e9s y obtener un permiso de trabajo en Irlanda, uno de los pa\u00edses m\u00e1s desarrollados de Europa. Consolida tu nivel de ingl\u00e9s, conoce nuevas culturas y establece redes de contacto que multiplicar\u00e1n tus oportunidades personales y profesionales!<\/p>\n<p>&nbsp;<\/p>\n<p style=\"text-align: left;\">ELI Schools es una academia de ingl\u00e9s con dos sedes en Irlanda, ubicados en la ciudad de Dublin y Drogheda. Ofrece cursos de ingl\u00e9s impartidos por\u00a0profesores titulados para la ense\u00f1anza de idiomas con amplia experiencia. Nuestra oferta consta de un programa que permite estudiar y trabajar en Irlanda por un per\u00edodo de ocho meses (renovables), apoyado en un permiso de estudios que se gestiona de forma personal a la llegada del participante al pa\u00eds.<\/p>\n<p>[\/vc_column_text][vc_empty_space height=\u00bb40px\u00bb]<h2 style=\"color:;\" class=\"  center\">CAMPUS<\/h2>[vc_empty_space height=\u00bb20px\u00bb][\/vc_column][\/vc_row][vc_row][vc_column width=\u00bb1\/2&#8243;][vc_column_text css=\u00bb.vc_custom_1539195225510{background-color: #3c9108 !important;}\u00bb]<\/p>\n<h3 style=\"text-align: center;\"><span style=\"color: #ffffff;\">DUBLIN<\/span><\/h3>\n<p>[\/vc_column_text][vc_single_image image=\u00bb5374&#8243; img_size=\u00bb600X400&#8243;][vc_empty_space height=\u00bb15px\u00bb][vc_column_text]Ubicada en el centro de la Ciudad de Dublin, de f\u00e1cil acceso en transporte p\u00fablico o bicicleta. Este campus cuenta con 10 salones equipados con todas las herramientas necesarias. En todo el edificio contar\u00e1s con WIFI gratis, zona de estudio privado, sal\u00f3n de computaci\u00f3n y cafeter\u00eda.[\/vc_column_text][vc_empty_space height=\u00bb60px\u00bb][\/vc_column][vc_column width=\u00bb1\/2&#8243;][vc_column_text css=\u00bb.vc_custom_1539195231550{background-color: #3c9108 !important;}\u00bb]<\/p>\n<h3 style=\"text-align: center;\"><span style=\"color: #ffffff;\">DROGHEDA<\/span><\/h3>\n<p>[\/vc_column_text][vc_single_image image=\u00bb5382&#8243; img_size=\u00bb600X400&#8243;][vc_empty_space height=\u00bb15px\u00bb][vc_column_text]La ciudad de Drogheda se encuentra a 45 minutos de Dublin. La cede de ELI en Drogheda se encuentra ubicada dentro de una construcci\u00f3n tradicional irlandesa a 5 minutos de centros comerciales y zonas culturales. Cuenta con 25 salones equipados, WIFI gratis y salones de estudio y computaci\u00f3n.[\/vc_column_text][vc_empty_space height=\u00bb60px\u00bb][\/vc_column][\/vc_row][vc_row][vc_column width=\u00bb1\/2&#8243;]<h3 style=\"color:;\" class=\"  center\">PROGRAMAS<\/h3>[vc_empty_space height=\u00bb20px\u00bb][vc_column_text css=\u00bb.vc_custom_1539203571544{background-color: #3c9108 !important;}\u00bb]<\/p>\n<h3 style=\"text-align: center;\"><span style=\"color: #ffffff;\">15 Y 20 HORAS SEMANALES<\/span><\/h3>\n<p>[\/vc_column_text][vc_single_image image=\u00bb5375&#8243; img_size=\u00bb600X400&#8243;][vc_empty_space height=\u00bb15px\u00bb][vc_column_text]Los programas Trabaja y Estudia en Irlanda tienen una duraci\u00f3n de 8 meses de estudio de Ingl\u00e9s y constan de 15 o 20 horas a semanales. De esta forma tendr\u00e1s la oportunidad de conseguir trabajo completando una jornada diaria. Durante los 8 meses tendr\u00e1s 2 meses de vacaciones donde podr\u00e1s trabajar a tiempo completo.[\/vc_column_text][vc_empty_space height=\u00bb20px\u00bb][\/vc_column][vc_column width=\u00bb1\/2&#8243;]<h3 style=\"color:;\" class=\"  center\">EQUIPO DE TRABAJO<\/h3>[vc_empty_space height=\u00bb20px\u00bb][vc_column_text css=\u00bb.vc_custom_1539203516976{background-color: #3c9108 !important;}\u00bb]<\/p>\n<h3 style=\"text-align: center;\"><span style=\"color: #ffffff;\">ASESOR\u00cdA CONSTANTE<\/span><\/h3>\n<p>[\/vc_column_text][vc_single_image image=\u00bb5405&#8243; img_size=\u00bb600X400&#8243;][vc_empty_space height=\u00bb15px\u00bb][vc_column_text]EL equipo de ELI Schools brinda todo el apoyo al estudiante desde el primer momento en que llega a Irlanda. Cada estudiante recibe una asesor\u00eda completa de todos los procesos que debe realizar desde el alojamiento, tr\u00e1mites de permisos de trabajo y hasta la b\u00fasqueda del mismo.[\/vc_column_text][\/vc_column][\/vc_row][vc_row equal_height=\u00bbyes\u00bb parallax=\u00bbcontent-moving-fade\u00bb][vc_column width=\u00bb1\/2&#8243;][\/vc_column][vc_column width=\u00bb1\/2&#8243;][\/vc_column][\/vc_row][vc_row][vc_column]<h1 style=\"color:;\" class=\"  center\"><\/h1>[vc_empty_space height=\u00bb20px\u00bb][vc_empty_space][\/vc_column][\/vc_row][vc_row][vc_column]<h3 style=\"color:;\" class=\"  \">Para mas informaci\u00f3n llena el formulario<\/h3>[vc_empty_space height=\u00bb55px\u00bb]<div role=\"form\" class=\"wpcf7\" id=\"wpcf7-f5025-o1\" lang=\"es-ES\" dir=\"ltr\">\n<div class=\"screen-reader-response\"><p role=\"status\" aria-live=\"polite\" aria-atomic=\"true\"><\/p> <ul><\/ul><\/div>\n<form action=\"\/honduras\/wp-json\/wp\/v2\/pages\/5013#wpcf7-f5025-o1\" method=\"post\" class=\"wpcf7-form init\" novalidate=\"novalidate\" data-status=\"init\">\n<div style=\"display: none;\">\n<input type=\"hidden\" name=\"_wpcf7\" value=\"5025\" \/>\n<input type=\"hidden\" name=\"_wpcf7_version\" value=\"5.5.6.1\" \/>\n<input type=\"hidden\" name=\"_wpcf7_locale\" value=\"es_ES\" \/>\n<input type=\"hidden\" name=\"_wpcf7_unit_tag\" value=\"wpcf7-f5025-o1\" \/>\n<input type=\"hidden\" name=\"_wpcf7_container_post\" value=\"0\" \/>\n<input type=\"hidden\" name=\"_wpcf7_posted_data_hash\" value=\"\" \/>\n<\/div>\n<p>Nombre Completo *:<br \/>\n<span class=\"wpcf7-form-control-wrap name\"><input type=\"text\" name=\"name\" value=\"\" size=\"40\" class=\"wpcf7-form-control wpcf7-text wpcf7-validates-as-required\" aria-required=\"true\" aria-invalid=\"false\" \/><\/span> <\/p>\n<p>Correo *: <br \/>\n    <span class=\"wpcf7-form-control-wrap your-email\"><input type=\"email\" name=\"your-email\" value=\"\" size=\"40\" class=\"wpcf7-form-control wpcf7-text wpcf7-email wpcf7-validates-as-required wpcf7-validates-as-email\" aria-required=\"true\" aria-invalid=\"false\" \/><\/span> <\/p>\n<p>Numero Telef\u00f3nico *:  <br \/> <br \/>\n    <span class=\"wpcf7-form-control-wrap telefono\"><input type=\"number\" name=\"telefono\" value=\"\" class=\"wpcf7-form-control wpcf7-number wpcf7-validates-as-required wpcf7-validates-as-number\" aria-required=\"true\" aria-invalid=\"false\" \/><\/span><\/p>\n<p>Edad *:<br \/>\n    <span class=\"wpcf7-form-control-wrap edad\"><input type=\"number\" name=\"edad\" value=\"\" class=\"wpcf7-form-control wpcf7-number wpcf7-validates-as-required wpcf7-validates-as-number\" aria-required=\"true\" aria-invalid=\"false\" \/><\/span> <\/p>\n<p><input type=\"submit\" value=\"Enviar\" class=\"wpcf7-form-control has-spinner wpcf7-submit\" id=\"enviarc\" \/><\/p>\n<p><script> $(\"#enviarc\").click(function(){return $(\"input[name=name]\").val().length<1?(swal({title:\"Error\",text:\"Debes ingresar tu nombre\",showConfirmButton:!0,type:\"error\"}),!1):$(\"input[name=your-email]\").val().length<1?(swal({title:\"Error\",text:\"Debes ingresar tu email\",showConfirmButton:!0,type:\"error\"}),!1):$(\"input[name=telefono]\").val().length<1?(swal({title:\"Error\",text:\"Debes ingresar tu telefono\",showConfirmButton:!0,type:\"error\"}),!1):$(\"input[name=edad]\").val().length<1?(swal({title:\"Error\",text:\"Debes ingresar tu edad\",showConfirmButton:!0,type:\"error\"}),!1):void swal({title:\"Mensaje Enviado\",text:\"Tu solicitud de informaci\u00f3n ha sido enviada, pronto nos pondremos en contacto contigo.\",showConfirmButton:!0,type:\"success\"})}); <\/script><\/p>\n<div class=\"wpcf7-response-output\" aria-hidden=\"true\"><\/div><\/form><\/div>[\/vc_column][vc_column][\/vc_column][vc_column][\/vc_column][\/vc_row][vc_row][vc_column][\/vc_column][\/vc_row][vc_row][vc_column][\/vc_column][\/vc_row][vc_row][vc_column][\/vc_column][\/vc_row][vc_row][vc_column][\/vc_column][\/vc_row]<\/p>\n","protected":false},"excerpt":{"rendered":"<p>[vc_row][vc_column][vc_empty_space height=\u00bb40px\u00bb][vc_column_text] \u00a1Vive la experiencia Irlanda! All American Travel junto a ELI Schools te ofrecen diferentes programas para que puedas vivir, estudiar ingl\u00e9s y obtener un permiso de trabajo en Irlanda, uno de los pa\u00edses m\u00e1s desarrollados de Europa. Consolida tu nivel de ingl\u00e9s, conoce nuevas culturas y establece redes de contacto que multiplicar\u00e1n tus &#8230;<\/p>\n","protected":false},"author":1,"featured_media":0,"parent":0,"menu_order":0,"comment_status":"closed","ping_status":"closed","template":"","meta":[],"_links":{"self":[{"href":"https:\/\/allamerican.travel\/honduras\/wp-json\/wp\/v2\/pages\/5013"}],"collection":[{"href":"https:\/\/allamerican.travel\/honduras\/wp-json\/wp\/v2\/pages"}],"about":[{"href":"https:\/\/allamerican.travel\/honduras\/wp-json\/wp\/v2\/types\/page"}],"author":[{"embeddable":true,"href":"https:\/\/allamerican.travel\/honduras\/wp-json\/wp\/v2\/users\/1"}],"replies":[{"embeddable":true,"href":"https:\/\/allamerican.travel\/honduras\/wp-json\/wp\/v2\/comments?post=5013"}],"version-history":[{"count":83,"href":"https:\/\/allamerican.travel\/honduras\/wp-json\/wp\/v2\/pages\/5013\/revisions"}],"predecessor-version":[{"id":6385,"href":"https:\/\/allamerican.travel\/honduras\/wp-json\/wp\/v2\/pages\/5013\/revisions\/6385"}],"wp:attachment":[{"href":"https:\/\/allamerican.travel\/honduras\/wp-json\/wp\/v2\/media?parent=5013"}],"curies":[{"name":"wp","href":"https:\/\/api.w.org\/{rel}","templated":true}]}}