{"id":5037,"date":"2018-07-05T16:59:59","date_gmt":"2018-07-05T22:59:59","guid":{"rendered":"http:\/\/allamerican.travel\/honduras\/?page_id=5037"},"modified":"2018-07-05T17:46:30","modified_gmt":"2018-07-05T23:46:30","slug":"politica-privacidad","status":"publish","type":"page","link":"https:\/\/allamerican.travel\/honduras\/politica-privacidad\/","title":{"rendered":"Pol\u00edtica privacidad"},"content":{"rendered":"<p>&nbsp;<\/p>\n<p>Grupo Inversiones S.A. de C.V (All American Travel) es una sociedad an\u00f3nima constituida por plazo indefinido de acuerdo, y bajo la jurisdicci\u00f3n de las leyes de la Rep\u00fablica de El Salvador y su domicilio principal es Avenida Jerusal\u00e9n, Colonia Maquilishuat, pol\u00edgono M-N #3, en la ciudad de San Salvador, Rep\u00fablica de El Salvador.<\/p>\n<p>&nbsp;<\/p>\n<p>La siguiente pol\u00edtica de privacidad establece c\u00f3mo All American Travel utiliza protege la informaci\u00f3n que usted le da a All American Travel cuando usted utiliza este sitio web.<\/p>\n<p>&nbsp;<\/p>\n<p>All American Travel se compromete a proteger su privacidad.\u00a0 Cuando usted nos proporcione cierta informaci\u00f3n, puede estar seguro de que s\u00f3lo se utilizar\u00e1 de acuerdo con esta declaraci\u00f3n de privacidad.<\/p>\n<p>&nbsp;<\/p>\n<p>Por ning\u00fan motivo, All American Travel, vender\u00e1 o proporcionar\u00e1 a ninguna compa\u00f1\u00eda o interesado la informaci\u00f3n total o parcial que nos ha proporcionado.<\/p>\n<p>&nbsp;<\/p>\n<p>De acuerdo a nuestros T\u00e9rminos Legales: All American Travel se compromete a mantener la privacidad de toda la informaci\u00f3n proporcionada por usted en nuestro sitio web y solamente revelarla si fuese requerida por una autoridad judicial competente.<\/p>\n<p>&nbsp;<\/p>\n<p>Si en cualquier momento desea que borremos su informaci\u00f3n de nuestros registros, puede comunicarse con nosotros a info@allamerican.travel\/honduras, comunic\u00e1ndonos sus nombres y apellidos as\u00ed como las razones por las que desea ser excluido de nuestros registros.<\/p>\n<p>&nbsp;<\/p>\n<p>All American Travel puede cambiar esta pol\u00edtica, actualizando esta p\u00e1gina. Usted debe visitar esta p\u00e1gina de vez en cuando para asegurarse de que est\u00e1 satisfecho con los cambios. Esta pol\u00edtica es efectiva a partir del 01 de mayo de 2018.<\/p>\n","protected":false},"excerpt":{"rendered":"<p>&nbsp; Grupo Inversiones S.A. de C.V (All American Travel) es una sociedad an\u00f3nima constituida por plazo indefinido de acuerdo, y bajo la jurisdicci\u00f3n de las leyes de la Rep\u00fablica de El Salvador y su domicilio principal es Avenida Jerusal\u00e9n, Colonia Maquilishuat, pol\u00edgono M-N #3, en la ciudad de San Salvador, Rep\u00fablica de El Salvador. &nbsp; &#8230;<\/p>\n","protected":false},"author":1,"featured_media":0,"parent":0,"menu_order":0,"comment_status":"closed","ping_status":"closed","template":"","meta":[],"_links":{"self":[{"href":"https:\/\/allamerican.travel\/honduras\/wp-json\/wp\/v2\/pages\/5037"}],"collection":[{"href":"https:\/\/allamerican.travel\/honduras\/wp-json\/wp\/v2\/pages"}],"about":[{"href":"https:\/\/allamerican.travel\/honduras\/wp-json\/wp\/v2\/types\/page"}],"author":[{"embeddable":true,"href":"https:\/\/allamerican.travel\/honduras\/wp-json\/wp\/v2\/users\/1"}],"replies":[{"embeddable":true,"href":"https:\/\/allamerican.travel\/honduras\/wp-json\/wp\/v2\/comments?post=5037"}],"version-history":[{"count":5,"href":"https:\/\/allamerican.travel\/honduras\/wp-json\/wp\/v2\/pages\/5037\/revisions"}],"predecessor-version":[{"id":5043,"href":"https:\/\/allamerican.travel\/honduras\/wp-json\/wp\/v2\/pages\/5037\/revisions\/5043"}],"wp:attachment":[{"href":"https:\/\/allamerican.travel\/honduras\/wp-json\/wp\/v2\/media?parent=5037"}],"curies":[{"name":"wp","href":"https:\/\/api.w.org\/{rel}","templated":true}]}}