{"id":6595,"date":"2021-07-02T16:57:34","date_gmt":"2021-07-02T22:57:34","guid":{"rendered":"https:\/\/allamerican.travel\/honduras\/?page_id=6595"},"modified":"2021-07-02T17:01:43","modified_gmt":"2021-07-02T23:01:43","slug":"boletos-terrestres-2","status":"publish","type":"page","link":"https:\/\/allamerican.travel\/honduras\/boletos-terrestres-2\/","title":{"rendered":"BOLETOS TERRESTRES"},"content":{"rendered":"<p>[vc_row][vc_column][vc_empty_space height=\u00bb40px\u00bb][\/vc_column][\/vc_row][vc_row equal_height=\u00bbyes\u00bb][vc_column][vc_column_text]\u00bfBuscas un boleto terrestre hacia Centroam\u00e9rica? Ofrecemos este tipo de boleto con las mejores l\u00edneas de autobuses ejecutivos con destino hacia Guatemala, Honduras y Nicaragua.<\/p>\n<p>&nbsp;<\/p>\n<p>Viaja en la comodidad de autobuses ejecutivos de primera l\u00ednea con aire acondicionado, ba\u00f1o, entretenimiento, asientos reclinables y m\u00e1s. Nuestras opciones cuentan con estaciones ubicadas en lugares c\u00e9ntricos y estrat\u00e9gicos para facilitarte el transporte hasta tu lugar de destino.[\/vc_column_text][vc_empty_space height=\u00bb55px\u00bb]<h2 style=\"color:#000000;\" class=\"  center\">PROMOCI\u00d3N DEL D\u00cdA<\/h2>[vc_empty_space][vc_single_image image=\u00bb6599&#8243; img_size=\u00bblarge\u00bb add_caption=\u00bbyes\u00bb alignment=\u00bbcenter\u00bb style=\u00bbvc_box_rounded\u00bb onclick=\u00bblink_image\u00bb css=\u00bb.vc_custom_1625266822918{background-color: #f9f9f9 !important;}\u00bb][vc_column_text]<\/p>\n<p style=\"text-align: center;\">Viaja a Centroam\u00e9rica al mejor precio con Transportes del Sol<\/p>\n<p>[\/vc_column_text][\/vc_column][\/vc_row][vc_row equal_height=\u00bbyes\u00bb][vc_column width=\u00bb1\/2&#8243;][vc_column_text css=\u00bb.vc_custom_1521300213230{padding-top: 10px !important;padding-bottom: 10px !important;background-color: #3c9108 !important;}\u00bb]<\/p>\n<p style=\"text-align: center;\"><span style=\"color: #ffffff;\">TRANSPORTES DEL SOL<\/span><\/p>\n<p>[\/vc_column_text][vc_single_image image=\u00bb6602&#8243; img_size=\u00bblarge\u00bb alignment=\u00bbcenter\u00bb style=\u00bbvc_box_rounded\u00bb onclick=\u00bblink_image\u00bb][vc_column_text css=\u00bb.vc_custom_1521300419448{padding-top: 8px !important;padding-right: 8px !important;padding-bottom: 8px !important;padding-left: 8px !important;background-color: #f2f2f2 !important;}\u00bb]<\/p>\n<p style=\"text-align: justify;\"><strong>Rutas:<\/strong><\/p>\n<ul>\n<li>Guatemala<\/li>\n<li>Managua<\/li>\n<li>San Jos\u00e9 Costa Rica<\/li>\n<\/ul>\n<p>[\/vc_column_text][\/vc_column][vc_column width=\u00bb1\/2&#8243;][vc_column_text css=\u00bb.vc_custom_1625266853911{padding-top: 10px !important;padding-bottom: 10px !important;background-color: #3c9108 !important;}\u00bb]<\/p>\n<p style=\"text-align: center;\"><span style=\"color: #ffffff;\">PULLMANTUR<\/span><\/p>\n<p>[\/vc_column_text][vc_single_image image=\u00bb6601&#8243; img_size=\u00bblarge\u00bb alignment=\u00bbcenter\u00bb style=\u00bbvc_box_rounded\u00bb onclick=\u00bblink_image\u00bb css=\u00bb.vc_custom_1625266882409{border-radius: 1px !important;}\u00bb][vc_column_text css=\u00bb.vc_custom_1521300413135{padding-top: 8px !important;padding-right: 8px !important;padding-bottom: 8px !important;padding-left: 8px !important;background-color: #f2f2f2 !important;}\u00bb]<strong>Rutas:\u00a0<\/strong><\/p>\n<ul>\n<li>Guatemala<\/li>\n<li>Tegucigalpa<\/li>\n<\/ul>\n<p>[\/vc_column_text][\/vc_column][\/vc_row][vc_row][vc_column width=\u00bb1\/3&#8243;][\/vc_column][vc_column width=\u00bb1\/3&#8243;][\/vc_column][vc_column width=\u00bb1\/3&#8243;][\/vc_column][\/vc_row][vc_row][vc_column][vc_btn title=\u00bbMe Interesa \u00bb style=\u00bbflat\u00bb shape=\u00bbsquare\u00bb color=\u00bbwarning\u00bb size=\u00bblg\u00bb align=\u00bbcenter\u00bb link=\u00bburl:https%3A%2F%2Fallamerican.travel%2Felsalvador%2Fcontacts%2F||\u00bb][vc_empty_space][\/vc_column][\/vc_row][vc_row][vc_column][\/vc_column][\/vc_row][vc_row][vc_column][\/vc_column][\/vc_row][vc_row][vc_column][\/vc_column][\/vc_row][vc_row][vc_column][\/vc_column][\/vc_row][vc_row][vc_column][\/vc_column][\/vc_row]<\/p>\n","protected":false},"excerpt":{"rendered":"<p>[vc_row][vc_column][vc_empty_space height=\u00bb40px\u00bb][\/vc_column][\/vc_row][vc_row equal_height=\u00bbyes\u00bb][vc_column][vc_column_text]\u00bfBuscas un boleto terrestre hacia Centroam\u00e9rica? Ofrecemos este tipo de boleto con las mejores l\u00edneas de autobuses ejecutivos con destino hacia Guatemala, Honduras y Nicaragua. &nbsp; Viaja en la comodidad de autobuses ejecutivos de primera l\u00ednea con aire acondicionado, ba\u00f1o, entretenimiento, asientos reclinables y m\u00e1s. Nuestras opciones cuentan con estaciones ubicadas en lugares &#8230;<\/p>\n","protected":false},"author":1,"featured_media":0,"parent":0,"menu_order":0,"comment_status":"closed","ping_status":"closed","template":"","meta":[],"_links":{"self":[{"href":"https:\/\/allamerican.travel\/honduras\/wp-json\/wp\/v2\/pages\/6595"}],"collection":[{"href":"https:\/\/allamerican.travel\/honduras\/wp-json\/wp\/v2\/pages"}],"about":[{"href":"https:\/\/allamerican.travel\/honduras\/wp-json\/wp\/v2\/types\/page"}],"author":[{"embeddable":true,"href":"https:\/\/allamerican.travel\/honduras\/wp-json\/wp\/v2\/users\/1"}],"replies":[{"embeddable":true,"href":"https:\/\/allamerican.travel\/honduras\/wp-json\/wp\/v2\/comments?post=6595"}],"version-history":[{"count":3,"href":"https:\/\/allamerican.travel\/honduras\/wp-json\/wp\/v2\/pages\/6595\/revisions"}],"predecessor-version":[{"id":6603,"href":"https:\/\/allamerican.travel\/honduras\/wp-json\/wp\/v2\/pages\/6595\/revisions\/6603"}],"wp:attachment":[{"href":"https:\/\/allamerican.travel\/honduras\/wp-json\/wp\/v2\/media?parent=6595"}],"curies":[{"name":"wp","href":"https:\/\/api.w.org\/{rel}","templated":true}]}}